{"id":3465,"date":"2020-05-19T10:05:36","date_gmt":"2020-05-19T10:05:36","guid":{"rendered":"http:\/\/previewsjobergs.se.loopiadns.com\/product\/gallerhylla\/"},"modified":"2024-11-11T08:01:56","modified_gmt":"2024-11-11T08:01:56","slug":"gitterregal-33119","status":"publish","type":"product","link":"https:\/\/old.sjobergs.se\/de\/product\/gitterregal-33119\/","title":{"rendered":"Gitterregal"},"content":{"rendered":"<p>Metallgitter zum Abstellen des hei\u00dfen B\u00fcgeleisens. Passt zu Sj\u00f6bergs B\u00fcgeltisch 33062.<\/p>\n","protected":false},"excerpt":{"rendered":"<p>Metallgitter zum Abstellen des hei\u00dfen B\u00fcgeleisens. Passt zu Sj\u00f6bergs B\u00fcgeltisch 33062.<\/p>\n","protected":false},"featured_media":2507,"template":"","meta":{"_acf_changed":false},"product_brand":[],"product_cat":[250,255,257,249],"product_tag":[],"class_list":{"0":"post-3465","1":"product","2":"type-product","3":"status-publish","4":"has-post-thumbnail","6":"product_cat-textiles-werken","7":"product_cat-zubehor-und-ersatzteile-textiles-arbeiten","8":"product_cat-sjobergs-bugeltisch","9":"product_cat-schule-und-ausbildung","11":"first","12":"instock","13":"taxable","14":"shipping-taxable","15":"purchasable","16":"product-type-simple"},"acf":[],"_links":{"self":[{"href":"https:\/\/old.sjobergs.se\/de\/wp-json\/wp\/v2\/product\/3465","targetHints":{"allow":["GET"]}}],"collection":[{"href":"https:\/\/old.sjobergs.se\/de\/wp-json\/wp\/v2\/product"}],"about":[{"href":"https:\/\/old.sjobergs.se\/de\/wp-json\/wp\/v2\/types\/product"}],"wp:featuredmedia":[{"embeddable":true,"href":"https:\/\/old.sjobergs.se\/de\/wp-json\/wp\/v2\/media\/2507"}],"wp:attachment":[{"href":"https:\/\/old.sjobergs.se\/de\/wp-json\/wp\/v2\/media?parent=3465"}],"wp:term":[{"taxonomy":"product_brand","embeddable":true,"href":"https:\/\/old.sjobergs.se\/de\/wp-json\/wp\/v2\/product_brand?post=3465"},{"taxonomy":"product_cat","embeddable":true,"href":"https:\/\/old.sjobergs.se\/de\/wp-json\/wp\/v2\/product_cat?post=3465"},{"taxonomy":"product_tag","embeddable":true,"href":"https:\/\/old.sjobergs.se\/de\/wp-json\/wp\/v2\/product_tag?post=3465"}],"curies":[{"name":"wp","href":"https:\/\/api.w.org\/{rel}","templated":true}]}}