{"id":3460,"date":"2020-05-19T10:05:10","date_gmt":"2020-05-19T10:05:10","guid":{"rendered":"http:\/\/previewsjobergs.se.loopiadns.com\/product\/strykbrada\/"},"modified":"2025-04-04T10:01:58","modified_gmt":"2025-04-04T09:01:58","slug":"buegeltisch-33116","status":"publish","type":"product","link":"https:\/\/old.sjobergs.se\/de\/product\/buegeltisch-33116\/","title":{"rendered":"B\u00fcgelbrett"},"content":{"rendered":"<p>Am Sj\u00f6bergs B\u00fcgeltisch 33062 k\u00f6nnen Sie zwei ausziehbare B\u00fcgelbretter montieren. Eines auf jeder Kurzseite. Mit hitzebest\u00e4ndigem Silikongewebe bezogen.<\/p>\n","protected":false},"excerpt":{"rendered":"<p>Am Sj\u00f6bergs B\u00fcgeltisch 33062 k\u00f6nnen Sie zwei ausziehbare B\u00fcgelbretter montieren. Eines auf jeder Kurzseite. Mit hitzebest\u00e4ndigem Silikongewebe bezogen.<\/p>\n","protected":false},"featured_media":2445,"template":"","meta":{"_acf_changed":false},"product_brand":[],"product_cat":[250,255,257,249],"product_tag":[],"class_list":{"0":"post-3460","1":"product","2":"type-product","3":"status-publish","4":"has-post-thumbnail","6":"product_cat-textiles-werken","7":"product_cat-zubehor-und-ersatzteile-textiles-arbeiten","8":"product_cat-sjobergs-bugeltisch","9":"product_cat-schule-und-ausbildung","11":"first","12":"instock","13":"taxable","14":"shipping-taxable","15":"purchasable","16":"product-type-simple"},"acf":[],"_links":{"self":[{"href":"https:\/\/old.sjobergs.se\/de\/wp-json\/wp\/v2\/product\/3460","targetHints":{"allow":["GET"]}}],"collection":[{"href":"https:\/\/old.sjobergs.se\/de\/wp-json\/wp\/v2\/product"}],"about":[{"href":"https:\/\/old.sjobergs.se\/de\/wp-json\/wp\/v2\/types\/product"}],"wp:featuredmedia":[{"embeddable":true,"href":"https:\/\/old.sjobergs.se\/de\/wp-json\/wp\/v2\/media\/2445"}],"wp:attachment":[{"href":"https:\/\/old.sjobergs.se\/de\/wp-json\/wp\/v2\/media?parent=3460"}],"wp:term":[{"taxonomy":"product_brand","embeddable":true,"href":"https:\/\/old.sjobergs.se\/de\/wp-json\/wp\/v2\/product_brand?post=3460"},{"taxonomy":"product_cat","embeddable":true,"href":"https:\/\/old.sjobergs.se\/de\/wp-json\/wp\/v2\/product_cat?post=3460"},{"taxonomy":"product_tag","embeddable":true,"href":"https:\/\/old.sjobergs.se\/de\/wp-json\/wp\/v2\/product_tag?post=3460"}],"curies":[{"name":"wp","href":"https:\/\/api.w.org\/{rel}","templated":true}]}}