{"id":3453,"date":"2020-05-19T09:49:04","date_gmt":"2020-05-19T09:49:04","guid":{"rendered":"http:\/\/previewsjobergs.se.loopiadns.com\/product\/strykbordsskiva\/"},"modified":"2024-11-11T07:48:34","modified_gmt":"2024-11-11T07:48:34","slug":"buegeltischplatte-silikonstoff-33107","status":"publish","type":"product","link":"https:\/\/old.sjobergs.se\/de\/product\/buegeltischplatte-silikonstoff-33107\/","title":{"rendered":"B\u00fcgeltischplatte, Silikonstoff"},"content":{"rendered":"<p>Sj\u00f6bergs B\u00fcgeltischplatte ist mit hitzebest\u00e4ndigem Silikongewebe bezogen. Passt zu Sj\u00f6bergs B\u00fcgeltischgestell 33062.<\/p>\n","protected":false},"excerpt":{"rendered":"<p>Sj\u00f6bergs B\u00fcgeltischplatte ist mit hitzebest\u00e4ndigem Silikongewebe bezogen. Passt zu Sj\u00f6bergs B\u00fcgeltischgestell 33062.<\/p>\n","protected":false},"featured_media":2607,"template":"","meta":{"_acf_changed":false},"product_brand":[],"product_cat":[250,255,257,249],"product_tag":[],"class_list":{"0":"post-3453","1":"product","2":"type-product","3":"status-publish","4":"has-post-thumbnail","6":"product_cat-textiles-werken","7":"product_cat-zubehor-und-ersatzteile-textiles-arbeiten","8":"product_cat-sjobergs-bugeltisch","9":"product_cat-schule-und-ausbildung","11":"first","12":"instock","13":"taxable","14":"shipping-taxable","15":"purchasable","16":"product-type-simple"},"acf":[],"_links":{"self":[{"href":"https:\/\/old.sjobergs.se\/de\/wp-json\/wp\/v2\/product\/3453","targetHints":{"allow":["GET"]}}],"collection":[{"href":"https:\/\/old.sjobergs.se\/de\/wp-json\/wp\/v2\/product"}],"about":[{"href":"https:\/\/old.sjobergs.se\/de\/wp-json\/wp\/v2\/types\/product"}],"wp:featuredmedia":[{"embeddable":true,"href":"https:\/\/old.sjobergs.se\/de\/wp-json\/wp\/v2\/media\/2607"}],"wp:attachment":[{"href":"https:\/\/old.sjobergs.se\/de\/wp-json\/wp\/v2\/media?parent=3453"}],"wp:term":[{"taxonomy":"product_brand","embeddable":true,"href":"https:\/\/old.sjobergs.se\/de\/wp-json\/wp\/v2\/product_brand?post=3453"},{"taxonomy":"product_cat","embeddable":true,"href":"https:\/\/old.sjobergs.se\/de\/wp-json\/wp\/v2\/product_cat?post=3453"},{"taxonomy":"product_tag","embeddable":true,"href":"https:\/\/old.sjobergs.se\/de\/wp-json\/wp\/v2\/product_tag?post=3453"}],"curies":[{"name":"wp","href":"https:\/\/api.w.org\/{rel}","templated":true}]}}