{"id":3449,"date":"2020-04-20T09:52:51","date_gmt":"2020-04-20T09:52:51","guid":{"rendered":"http:\/\/previewsjobergs.se.loopiadns.com\/product\/strykbord\/"},"modified":"2024-11-11T12:06:13","modified_gmt":"2024-11-11T12:06:13","slug":"sjoebergs-buegeltisch-komplett-33062","status":"publish","type":"product","link":"https:\/\/old.sjobergs.se\/de\/product\/sjoebergs-buegeltisch-komplett-33062\/","title":{"rendered":"Sj\u00f6bergs B\u00fcgeltisch, Komplett"},"content":{"rendered":"<p>SJ\u00d6BERGS B\u00dcGELTISCH ist extrem vielseitig, stabil und nachhaltig, fu\u0308r professionelle Anwender ebenso geeignet wie fu\u0308r den Textilunterricht in der Schule.<\/p>\n<p>KOMBINIEREN SIE, WIE SIE M\u00d6CHTEN!<br \/>\nMan kann auch <strong>ein <\/strong>oder<strong> zwei <\/strong>Bu\u0308gelbretter diagonal am selben Tisch anbringen.<strong><br \/>\n<\/strong>Die Bretter sind mit hitzebest\u00e4ndigem Silikon-gewebe verkleidet.<\/p>\n<ul>\n<li><strong>SJ\u00d6BERGS B\u00dcGELTISCH 33062 BESTEHT AUS:<\/strong><\/li>\n<li>1 x 33107 PLATTE SILIKONSTOFF<\/li>\n<li>1 x 33111 GESTELL<\/li>\n<li>1 x 33116 B\u00dcGELBRETT, Herausziehen<\/li>\n<li>1 x 33119 GITTERREGAL<\/li>\n<\/ul>\n","protected":false},"excerpt":{"rendered":"<p>SJ\u00d6BERGS B\u00dcGELTISCH ist extrem vielseitig, stabil und nachhaltig, fu\u0308r professionelle Anwender ebenso geeignet wie fu\u0308r den Textilunterricht in der Schule. KOMBINIEREN SIE, WIE SIE M\u00d6CHTEN! Man kann auch ein oder zwei Bu\u0308gelbretter diagonal am selben Tisch anbringen. Die Bretter sind mit hitzebest\u00e4ndigem Silikon-gewebe verkleidet. SJ\u00d6BERGS B\u00dcGELTISCH 33062 BESTEHT AUS: 1 x 33107 PLATTE SILIKONSTOFF 1 [&hellip;]<\/p>\n","protected":false},"featured_media":1984,"template":"","meta":{"_acf_changed":false},"product_brand":[],"product_cat":[224,250,257,249],"product_tag":[],"class_list":{"0":"post-3449","1":"product","2":"type-product","3":"status-publish","4":"has-post-thumbnail","6":"product_cat-kombination-de","7":"product_cat-textiles-werken","8":"product_cat-sjobergs-bugeltisch","9":"product_cat-schule-und-ausbildung","11":"first","12":"instock","13":"taxable","14":"shipping-taxable","15":"purchasable","16":"product-type-simple"},"acf":[],"_links":{"self":[{"href":"https:\/\/old.sjobergs.se\/de\/wp-json\/wp\/v2\/product\/3449","targetHints":{"allow":["GET"]}}],"collection":[{"href":"https:\/\/old.sjobergs.se\/de\/wp-json\/wp\/v2\/product"}],"about":[{"href":"https:\/\/old.sjobergs.se\/de\/wp-json\/wp\/v2\/types\/product"}],"wp:featuredmedia":[{"embeddable":true,"href":"https:\/\/old.sjobergs.se\/de\/wp-json\/wp\/v2\/media\/1984"}],"wp:attachment":[{"href":"https:\/\/old.sjobergs.se\/de\/wp-json\/wp\/v2\/media?parent=3449"}],"wp:term":[{"taxonomy":"product_brand","embeddable":true,"href":"https:\/\/old.sjobergs.se\/de\/wp-json\/wp\/v2\/product_brand?post=3449"},{"taxonomy":"product_cat","embeddable":true,"href":"https:\/\/old.sjobergs.se\/de\/wp-json\/wp\/v2\/product_cat?post=3449"},{"taxonomy":"product_tag","embeddable":true,"href":"https:\/\/old.sjobergs.se\/de\/wp-json\/wp\/v2\/product_tag?post=3449"}],"curies":[{"name":"wp","href":"https:\/\/api.w.org\/{rel}","templated":true}]}}