{"id":3427,"date":"2020-05-18T18:33:03","date_gmt":"2020-05-18T18:33:03","guid":{"rendered":"http:\/\/previewsjobergs.se.loopiadns.com\/product\/sjobergs-symaskinsbord-stabil-morkgra-virrvarr\/"},"modified":"2024-11-11T12:02:55","modified_gmt":"2024-11-11T12:02:55","slug":"sjobergs-symaskinsbord-stabil-morkgra-virrvarr","status":"publish","type":"product","link":"https:\/\/old.sjobergs.se\/de\/product\/sjobergs-symaskinsbord-stabil-morkgra-virrvarr\/","title":{"rendered":"Sj\u00f6bergs N\u00e4hmaschinentisch, dunkelgrau Virrvarr"},"content":{"rendered":"<p class=\"p1\">SJ\u00d6BERGS N\u00c4HMASCHINENTISCH ist ein Tisch f\u00fcr funktionelle N\u00e4harbeiten und die Verwahrung von N\u00e4hmaschinen. Der Tisch kann auch f\u00fcr andere Arbeiten benutzt werden.<br \/>\nAusgestattet mit einer Laminatplatte, deren 50er Jahre-Muster \u201eVirrvarr\u201c aus der Feder der schwedischen Designerlegende Sigvard Bernadotte stammt.<\/p>\n<ul>\n<li class=\"p1\">N\u00c4HMASCHINENTISCH 33064 BESTEHT AUS:<\/li>\n<li class=\"p2\">1 x 33217 PLATTE\u00a0 LAMINAT DUNKLES<\/li>\n<li class=\"p2\">1 x 33216 GESTELL<\/li>\n<li class=\"p2\">1 x 33212 KABELRINNE<\/li>\n<li class=\"p2\">1 x 33213 MEHRFACH-STECKDOSE<\/li>\n<\/ul>\n","protected":false},"excerpt":{"rendered":"<p>SJ\u00d6BERGS N\u00c4HMASCHINENTISCH ist ein Tisch f\u00fcr funktionelle N\u00e4harbeiten und die Verwahrung von N\u00e4hmaschinen. Der Tisch kann auch f\u00fcr andere Arbeiten benutzt werden. Ausgestattet mit einer Laminatplatte, deren 50er Jahre-Muster \u201eVirrvarr\u201c aus der Feder der schwedischen Designerlegende Sigvard Bernadotte stammt. N\u00c4HMASCHINENTISCH 33064 BESTEHT AUS: 1 x 33217 PLATTE\u00a0 LAMINAT DUNKLES 1 x 33216 GESTELL 1 x [&hellip;]<\/p>\n","protected":false},"featured_media":15403,"template":"","meta":{"_acf_changed":false},"product_brand":[],"product_cat":[250,251,249],"product_tag":[],"class_list":{"0":"post-3427","1":"product","2":"type-product","3":"status-publish","4":"has-post-thumbnail","6":"product_cat-textiles-werken","7":"product_cat-sjobergs-nahmaschinentisch","8":"product_cat-schule-und-ausbildung","10":"first","11":"instock","12":"taxable","13":"shipping-taxable","14":"product-type-simple"},"acf":[],"_links":{"self":[{"href":"https:\/\/old.sjobergs.se\/de\/wp-json\/wp\/v2\/product\/3427","targetHints":{"allow":["GET"]}}],"collection":[{"href":"https:\/\/old.sjobergs.se\/de\/wp-json\/wp\/v2\/product"}],"about":[{"href":"https:\/\/old.sjobergs.se\/de\/wp-json\/wp\/v2\/types\/product"}],"wp:featuredmedia":[{"embeddable":true,"href":"https:\/\/old.sjobergs.se\/de\/wp-json\/wp\/v2\/media\/15403"}],"wp:attachment":[{"href":"https:\/\/old.sjobergs.se\/de\/wp-json\/wp\/v2\/media?parent=3427"}],"wp:term":[{"taxonomy":"product_brand","embeddable":true,"href":"https:\/\/old.sjobergs.se\/de\/wp-json\/wp\/v2\/product_brand?post=3427"},{"taxonomy":"product_cat","embeddable":true,"href":"https:\/\/old.sjobergs.se\/de\/wp-json\/wp\/v2\/product_cat?post=3427"},{"taxonomy":"product_tag","embeddable":true,"href":"https:\/\/old.sjobergs.se\/de\/wp-json\/wp\/v2\/product_tag?post=3427"}],"curies":[{"name":"wp","href":"https:\/\/api.w.org\/{rel}","templated":true}]}}