{"id":3424,"date":"2020-05-19T08:28:02","date_gmt":"2020-05-19T08:28:02","guid":{"rendered":"http:\/\/previewsjobergs.se.loopiadns.com\/product\/sjobergs-symaskinsbord-mork-fast-hojd-komplett\/"},"modified":"2024-11-11T12:02:05","modified_gmt":"2024-11-11T12:02:05","slug":"sjobergs-symaskinsbord-mork-fast-hojd-komplett","status":"publish","type":"product","link":"https:\/\/old.sjobergs.se\/de\/product\/sjobergs-symaskinsbord-mork-fast-hojd-komplett\/","title":{"rendered":"Sj\u00f6bergs N\u00e4hmaschinentisch, dunkelgrau"},"content":{"rendered":"<p class=\"p1\">SJ\u00d6BERGS N\u00c4HMASCHINENTISCH ist ein Tisch f\u00fcr funktionelle N\u00e4harbeiten und die Verwahrung von N\u00e4hmaschinen. Der Tisch kann auch fu\u0308r andere Arbeiten benutzt werden. Ausgestattet mit einer Laminatplatte. N\u00e4hmaschinentische sind auch in hellgrauem Laminat 33079 erh\u00e4ltlich.<\/p>\n<ul>\n<li><strong>N\u00c4HMASCHINENTISCH 33078 BESTEHT AUS:<\/strong><\/li>\n<li>1 x 33323 PLATTE LAMINAT DUNKLES<\/li>\n<li>1 x 33216 GESTELL<\/li>\n<li>1 x 33212 KABELRINNE<\/li>\n<li>1 x 33213 MEHRFACH STECKDOSE<\/li>\n<\/ul>\n","protected":false},"excerpt":{"rendered":"<p>SJ\u00d6BERGS N\u00c4HMASCHINENTISCH ist ein Tisch f\u00fcr funktionelle N\u00e4harbeiten und die Verwahrung von N\u00e4hmaschinen. Der Tisch kann auch fu\u0308r andere Arbeiten benutzt werden. Ausgestattet mit einer Laminatplatte. N\u00e4hmaschinentische sind auch in hellgrauem Laminat 33079 erh\u00e4ltlich. N\u00c4HMASCHINENTISCH 33078 BESTEHT AUS: 1 x 33323 PLATTE LAMINAT DUNKLES 1 x 33216 GESTELL 1 x 33212 KABELRINNE 1 x 33213 [&hellip;]<\/p>\n","protected":false},"featured_media":2598,"template":"","meta":{"_acf_changed":false},"product_brand":[],"product_cat":[250,251,249],"product_tag":[],"class_list":{"0":"post-3424","1":"product","2":"type-product","3":"status-publish","4":"has-post-thumbnail","6":"product_cat-textiles-werken","7":"product_cat-sjobergs-nahmaschinentisch","8":"product_cat-schule-und-ausbildung","10":"first","11":"instock","12":"taxable","13":"shipping-taxable","14":"purchasable","15":"product-type-simple"},"acf":[],"_links":{"self":[{"href":"https:\/\/old.sjobergs.se\/de\/wp-json\/wp\/v2\/product\/3424","targetHints":{"allow":["GET"]}}],"collection":[{"href":"https:\/\/old.sjobergs.se\/de\/wp-json\/wp\/v2\/product"}],"about":[{"href":"https:\/\/old.sjobergs.se\/de\/wp-json\/wp\/v2\/types\/product"}],"wp:featuredmedia":[{"embeddable":true,"href":"https:\/\/old.sjobergs.se\/de\/wp-json\/wp\/v2\/media\/2598"}],"wp:attachment":[{"href":"https:\/\/old.sjobergs.se\/de\/wp-json\/wp\/v2\/media?parent=3424"}],"wp:term":[{"taxonomy":"product_brand","embeddable":true,"href":"https:\/\/old.sjobergs.se\/de\/wp-json\/wp\/v2\/product_brand?post=3424"},{"taxonomy":"product_cat","embeddable":true,"href":"https:\/\/old.sjobergs.se\/de\/wp-json\/wp\/v2\/product_cat?post=3424"},{"taxonomy":"product_tag","embeddable":true,"href":"https:\/\/old.sjobergs.se\/de\/wp-json\/wp\/v2\/product_tag?post=3424"}],"curies":[{"name":"wp","href":"https:\/\/api.w.org\/{rel}","templated":true}]}}