{"id":3420,"date":"2020-05-19T08:30:49","date_gmt":"2020-05-19T08:30:49","guid":{"rendered":"http:\/\/previewsjobergs.se.loopiadns.com\/product\/sjobergs-symaskinsbord-ljus-fast-hojd-komplett\/"},"modified":"2024-11-11T12:19:46","modified_gmt":"2024-11-11T12:19:46","slug":"sjoebergs-naehmaschinentisch-hellgrau","status":"publish","type":"product","link":"https:\/\/old.sjobergs.se\/de\/product\/sjoebergs-naehmaschinentisch-hellgrau\/","title":{"rendered":"Sj\u00f6bergs N\u00e4hmaschinentisch, hellgrau"},"content":{"rendered":"<p class=\"p1\">SJ\u00d6BERGS N\u00c4HMASCHINENTISCH ist ein Tisch f\u00fcr funktionelle N\u00e4harbeiten und die Verwahrung von N\u00e4hmaschinen. Der Tisch kann auch fu\u0308r andere Arbeiten benutzt werden. Ausgestattet mit einer Laminatplatte. N\u00e4hmaschinentische sind auch in dunkelgrauem Laminat 33078 erh\u00e4ltlich.<\/p>\n<ul>\n<li><strong>N\u00c4HMASCHINENTISCH 33079 BESTEHT AUS:<\/strong><\/li>\n<li>1 x 33324 PLATTE\u00a0 LAMINAT HELLGRAU<\/li>\n<li>1 x 33216 GESTELL<\/li>\n<li>1 x 33212 KABELRINNE<\/li>\n<li>1 x 33213 MEHRFACH-STECKDOSE<\/li>\n<\/ul>\n","protected":false},"excerpt":{"rendered":"<p>SJ\u00d6BERGS N\u00c4HMASCHINENTISCH ist ein Tisch f\u00fcr funktionelle N\u00e4harbeiten und die Verwahrung von N\u00e4hmaschinen. Der Tisch kann auch fu\u0308r andere Arbeiten benutzt werden. Ausgestattet mit einer Laminatplatte. N\u00e4hmaschinentische sind auch in dunkelgrauem Laminat 33078 erh\u00e4ltlich. N\u00c4HMASCHINENTISCH 33079 BESTEHT AUS: 1 x 33324 PLATTE\u00a0 LAMINAT HELLGRAU 1 x 33216 GESTELL 1 x 33212 KABELRINNE 1 x 33213 [&hellip;]<\/p>\n","protected":false},"featured_media":2601,"template":"","meta":{"_acf_changed":false},"product_brand":[],"product_cat":[250,251,249],"product_tag":[],"class_list":{"0":"post-3420","1":"product","2":"type-product","3":"status-publish","4":"has-post-thumbnail","6":"product_cat-textiles-werken","7":"product_cat-sjobergs-nahmaschinentisch","8":"product_cat-schule-und-ausbildung","10":"first","11":"instock","12":"taxable","13":"shipping-taxable","14":"purchasable","15":"product-type-simple"},"acf":[],"_links":{"self":[{"href":"https:\/\/old.sjobergs.se\/de\/wp-json\/wp\/v2\/product\/3420","targetHints":{"allow":["GET"]}}],"collection":[{"href":"https:\/\/old.sjobergs.se\/de\/wp-json\/wp\/v2\/product"}],"about":[{"href":"https:\/\/old.sjobergs.se\/de\/wp-json\/wp\/v2\/types\/product"}],"wp:featuredmedia":[{"embeddable":true,"href":"https:\/\/old.sjobergs.se\/de\/wp-json\/wp\/v2\/media\/2601"}],"wp:attachment":[{"href":"https:\/\/old.sjobergs.se\/de\/wp-json\/wp\/v2\/media?parent=3420"}],"wp:term":[{"taxonomy":"product_brand","embeddable":true,"href":"https:\/\/old.sjobergs.se\/de\/wp-json\/wp\/v2\/product_brand?post=3420"},{"taxonomy":"product_cat","embeddable":true,"href":"https:\/\/old.sjobergs.se\/de\/wp-json\/wp\/v2\/product_cat?post=3420"},{"taxonomy":"product_tag","embeddable":true,"href":"https:\/\/old.sjobergs.se\/de\/wp-json\/wp\/v2\/product_tag?post=3420"}],"curies":[{"name":"wp","href":"https:\/\/api.w.org\/{rel}","templated":true}]}}