{"id":3412,"date":"2020-05-18T18:46:28","date_gmt":"2020-05-18T18:46:28","guid":{"rendered":"http:\/\/previewsjobergs.se.loopiadns.com\/product\/sjobergs-symaskinsbord-stabil-ljusgra-virrvarr\/"},"modified":"2025-04-09T10:17:40","modified_gmt":"2025-04-09T09:17:40","slug":"sjobergs-symaskinsbord-moerkgraa-virrvarr","status":"publish","type":"product","link":"https:\/\/old.sjobergs.se\/de\/product\/sjobergs-symaskinsbord-moerkgraa-virrvarr\/","title":{"rendered":"Sj\u00f6bergs N\u00e4hmaschinentisch, mit Elektrolift, dunkelgrau Virrvarr"},"content":{"rendered":"<p class=\"p1\">SJ\u00d6BERGS N\u00c4HMASCHINENTISCH ist ein Tisch f\u00fcr funktionelle N\u00e4harbeiten und die Verwahrung von N\u00e4hmaschinen. Der Tisch kann auch f\u00fcr andere Arbeiten benutzt werden. Per Knopfdruck kann die N\u00e4hmaschine stufenlos und nahezu ger\u00e4uschlos hoch- und heruntergefahren werden.<br \/>\nAusgestattet mit einer Laminatplatte, deren 50er Jahre-Muster \u201eVirrvarr\u201c aus der Feder der schwedischen Designerlegende Sigvard Bernadotte stammt.<\/p>\n<p>N\u00c4HMASCHINENTISCH\u00a0 33060 BESTEHT AUS:<\/p>\n<ul>\n<li class=\"p2\">1 x 33105 PLATTE DUNKLES LAMINATE<\/li>\n<li class=\"p2\">1 x 33206 GESTELL mit ELEKTROLIFT<\/li>\n<li class=\"p2\">1 x 33212 KABELRINNE<\/li>\n<li class=\"p2\">1 x 33213 GERE STECKDOSE<\/li>\n<\/ul>\n","protected":false},"excerpt":{"rendered":"<p>SJ\u00d6BERGS N\u00c4HMASCHINENTISCH ist ein Tisch f\u00fcr funktionelle N\u00e4harbeiten und die Verwahrung von N\u00e4hmaschinen. Der Tisch kann auch f\u00fcr andere Arbeiten benutzt werden. Per Knopfdruck kann die N\u00e4hmaschine stufenlos und nahezu ger\u00e4uschlos hoch- und heruntergefahren werden. Ausgestattet mit einer Laminatplatte, deren 50er Jahre-Muster \u201eVirrvarr\u201c aus der Feder der schwedischen Designerlegende Sigvard Bernadotte stammt. N\u00c4HMASCHINENTISCH\u00a0 33060 BESTEHT [&hellip;]<\/p>\n","protected":false},"featured_media":15358,"template":"","meta":{"_acf_changed":false},"product_brand":[],"product_cat":[250,251,249],"product_tag":[],"class_list":{"0":"post-3412","1":"product","2":"type-product","3":"status-publish","4":"has-post-thumbnail","6":"product_cat-textiles-werken","7":"product_cat-sjobergs-nahmaschinentisch","8":"product_cat-schule-und-ausbildung","10":"first","11":"instock","12":"taxable","13":"shipping-taxable","14":"product-type-simple"},"acf":[],"_links":{"self":[{"href":"https:\/\/old.sjobergs.se\/de\/wp-json\/wp\/v2\/product\/3412","targetHints":{"allow":["GET"]}}],"collection":[{"href":"https:\/\/old.sjobergs.se\/de\/wp-json\/wp\/v2\/product"}],"about":[{"href":"https:\/\/old.sjobergs.se\/de\/wp-json\/wp\/v2\/types\/product"}],"wp:featuredmedia":[{"embeddable":true,"href":"https:\/\/old.sjobergs.se\/de\/wp-json\/wp\/v2\/media\/15358"}],"wp:attachment":[{"href":"https:\/\/old.sjobergs.se\/de\/wp-json\/wp\/v2\/media?parent=3412"}],"wp:term":[{"taxonomy":"product_brand","embeddable":true,"href":"https:\/\/old.sjobergs.se\/de\/wp-json\/wp\/v2\/product_brand?post=3412"},{"taxonomy":"product_cat","embeddable":true,"href":"https:\/\/old.sjobergs.se\/de\/wp-json\/wp\/v2\/product_cat?post=3412"},{"taxonomy":"product_tag","embeddable":true,"href":"https:\/\/old.sjobergs.se\/de\/wp-json\/wp\/v2\/product_tag?post=3412"}],"curies":[{"name":"wp","href":"https:\/\/api.w.org\/{rel}","templated":true}]}}