{"id":3408,"date":"2020-05-19T08:22:37","date_gmt":"2020-05-19T08:22:37","guid":{"rendered":"http:\/\/previewsjobergs.se.loopiadns.com\/product\/sjobergs-symaskinsbord-mork-med-hiss-komplett\/"},"modified":"2024-11-26T10:29:32","modified_gmt":"2024-11-26T09:29:32","slug":"sjoebergs-naehmaschinentisch-mit-elektrolift-dunkelgrau-33076","status":"publish","type":"product","link":"https:\/\/old.sjobergs.se\/de\/product\/sjoebergs-naehmaschinentisch-mit-elektrolift-dunkelgrau-33076\/","title":{"rendered":"Sj\u00f6bergs N\u00e4hmaschinentisch, mit Elektrolift, dunkelgrau"},"content":{"rendered":"<p>SJ\u00d6BERGS N\u00c4HMASCHINENTISCH mit Elektrolift ist ein Tisch f\u00fcr funktionelle N\u00e4harbeiten und die Verwahrung von N\u00e4hmaschinen. Der Tisch kann auch fu\u0308r andere Arbeiten benutzt werden. Per Knopfdruck kann die N\u00e4hmaschine stufenlos und nahezu ger\u00e4uschlos hoch- und heruntergefahren werden. Ausgestattet mit einer Laminatplatte. N\u00e4hmaschinentische sind auch in hellgrauem Laminat 33077 erh\u00e4ltlich.<\/p>\n<ul>\n<li><strong>N\u00c4HMASCHINENTISCH 33076 BESTEHT AUS:<\/strong><\/li>\n<li>1 x 33321 PLATTE. LAMINAT, DUNKEL<\/li>\n<li>1 x 33106 GESTELL mit ELEKTROLIFT<\/li>\n<li>1 x 33212 KABELRINNE<\/li>\n<li>1 x 33213 STECKDOSE<\/li>\n<\/ul>\n","protected":false},"excerpt":{"rendered":"<p>SJ\u00d6BERGS N\u00c4HMASCHINENTISCH mit Elektrolift ist ein Tisch f\u00fcr funktionelle N\u00e4harbeiten und die Verwahrung von N\u00e4hmaschinen. Der Tisch kann auch fu\u0308r andere Arbeiten benutzt werden. Per Knopfdruck kann die N\u00e4hmaschine stufenlos und nahezu ger\u00e4uschlos hoch- und heruntergefahren werden. Ausgestattet mit einer Laminatplatte. N\u00e4hmaschinentische sind auch in hellgrauem Laminat 33077 erh\u00e4ltlich. N\u00c4HMASCHINENTISCH 33076 BESTEHT AUS: 1 x [&hellip;]<\/p>\n","protected":false},"featured_media":8667,"template":"","meta":{"_acf_changed":false},"product_brand":[],"product_cat":[250,251,249],"product_tag":[],"class_list":{"0":"post-3408","1":"product","2":"type-product","3":"status-publish","4":"has-post-thumbnail","6":"product_cat-textiles-werken","7":"product_cat-sjobergs-nahmaschinentisch","8":"product_cat-schule-und-ausbildung","9":"product_shipping_class-10-pa-order-de","11":"first","12":"instock","13":"taxable","14":"shipping-taxable","15":"purchasable","16":"product-type-simple"},"acf":[],"_links":{"self":[{"href":"https:\/\/old.sjobergs.se\/de\/wp-json\/wp\/v2\/product\/3408","targetHints":{"allow":["GET"]}}],"collection":[{"href":"https:\/\/old.sjobergs.se\/de\/wp-json\/wp\/v2\/product"}],"about":[{"href":"https:\/\/old.sjobergs.se\/de\/wp-json\/wp\/v2\/types\/product"}],"wp:featuredmedia":[{"embeddable":true,"href":"https:\/\/old.sjobergs.se\/de\/wp-json\/wp\/v2\/media\/8667"}],"wp:attachment":[{"href":"https:\/\/old.sjobergs.se\/de\/wp-json\/wp\/v2\/media?parent=3408"}],"wp:term":[{"taxonomy":"product_brand","embeddable":true,"href":"https:\/\/old.sjobergs.se\/de\/wp-json\/wp\/v2\/product_brand?post=3408"},{"taxonomy":"product_cat","embeddable":true,"href":"https:\/\/old.sjobergs.se\/de\/wp-json\/wp\/v2\/product_cat?post=3408"},{"taxonomy":"product_tag","embeddable":true,"href":"https:\/\/old.sjobergs.se\/de\/wp-json\/wp\/v2\/product_tag?post=3408"}],"curies":[{"name":"wp","href":"https:\/\/api.w.org\/{rel}","templated":true}]}}