{"id":3401,"date":"2020-05-13T08:47:56","date_gmt":"2020-05-13T08:47:56","guid":{"rendered":"http:\/\/previewsjobergs.se.loopiadns.com\/product\/skap-0022\/"},"modified":"2024-11-11T09:30:30","modified_gmt":"2024-11-11T09:30:30","slug":"schrank-0022-33394","status":"publish","type":"product","link":"https:\/\/old.sjobergs.se\/de\/product\/schrank-0022-33394\/","title":{"rendered":"Schrank 0022"},"content":{"rendered":"<p>SCHRANK 0022 passt nur zur Seniorengr\u00f6\u00dfe.<\/p>\n<p>Solo Montage unm\u00f6glich!<\/p>\n","protected":false},"excerpt":{"rendered":"<p>SCHRANK 0022 passt nur zur Seniorengr\u00f6\u00dfe. Solo Montage unm\u00f6glich!<\/p>\n","protected":false},"featured_media":1801,"template":"","meta":{"_acf_changed":false},"product_brand":[],"product_cat":[204,235,233,310],"product_tag":[],"class_list":{"0":"post-3401","1":"product","2":"type-product","3":"status-publish","4":"has-post-thumbnail","6":"product_cat-sjobergs-junior-senior-de","7":"product_cat-schrank-fur-werkbanke-fur-kunsthandwerk-kreatives-schaffen","8":"product_cat-hobelbaenke-fuer-den-hobby-bereich","9":"product_cat-sjoebergs-kindergarten-kitas","10":"product_shipping_class-10-pa-order-de","12":"first","13":"instock","14":"taxable","15":"shipping-taxable","16":"purchasable","17":"product-type-simple"},"acf":[],"_links":{"self":[{"href":"https:\/\/old.sjobergs.se\/de\/wp-json\/wp\/v2\/product\/3401","targetHints":{"allow":["GET"]}}],"collection":[{"href":"https:\/\/old.sjobergs.se\/de\/wp-json\/wp\/v2\/product"}],"about":[{"href":"https:\/\/old.sjobergs.se\/de\/wp-json\/wp\/v2\/types\/product"}],"wp:featuredmedia":[{"embeddable":true,"href":"https:\/\/old.sjobergs.se\/de\/wp-json\/wp\/v2\/media\/1801"}],"wp:attachment":[{"href":"https:\/\/old.sjobergs.se\/de\/wp-json\/wp\/v2\/media?parent=3401"}],"wp:term":[{"taxonomy":"product_brand","embeddable":true,"href":"https:\/\/old.sjobergs.se\/de\/wp-json\/wp\/v2\/product_brand?post=3401"},{"taxonomy":"product_cat","embeddable":true,"href":"https:\/\/old.sjobergs.se\/de\/wp-json\/wp\/v2\/product_cat?post=3401"},{"taxonomy":"product_tag","embeddable":true,"href":"https:\/\/old.sjobergs.se\/de\/wp-json\/wp\/v2\/product_tag?post=3401"}],"curies":[{"name":"wp","href":"https:\/\/api.w.org\/{rel}","templated":true}]}}