{"id":3397,"date":"2020-04-20T09:47:19","date_gmt":"2020-04-20T09:47:19","guid":{"rendered":"http:\/\/previewsjobergs.se.loopiadns.com\/product\/sjobergs-smart-vise\/"},"modified":"2024-11-11T11:00:40","modified_gmt":"2024-11-11T11:00:40","slug":"sjobergs-smart-vise-33274","status":"publish","type":"product","link":"https:\/\/old.sjobergs.se\/de\/product\/sjobergs-smart-vise-33274\/","title":{"rendered":"Sj\u00f6bergs Smart Vise"},"content":{"rendered":"<p>SJ\u00d6BERGS SMART VISE. Tragbare praktische Arbeitsfl\u00e4che fu\u0308r einfache Arbeiten.<br \/>\nSchnelle Fixierung mit einer Zwinge. Braucht wenig Platz und ist leicht unterzubringen.<\/p>\n<p>Ganz einfach: SMART<\/p>\n<p>4 Bankhaken 33317 sind stets Teil des Lieferumfanges.<\/p>\n","protected":false},"excerpt":{"rendered":"<p>SJ\u00d6BERGS SMART VISE. Tragbare praktische Arbeitsfl\u00e4che fu\u0308r einfache Arbeiten. Schnelle Fixierung mit einer Zwinge. Braucht wenig Platz und ist leicht unterzubringen. Ganz einfach: SMART 4 Bankhaken 33317 sind stets Teil des Lieferumfanges.<\/p>\n","protected":false},"featured_media":1960,"template":"","meta":{"_acf_changed":false},"product_brand":[],"product_cat":[233],"product_tag":[],"class_list":{"0":"post-3397","1":"product","2":"type-product","3":"status-publish","4":"has-post-thumbnail","6":"product_cat-hobelbaenke-fuer-den-hobby-bereich","8":"first","9":"instock","10":"taxable","11":"shipping-taxable","12":"purchasable","13":"product-type-simple"},"acf":[],"_links":{"self":[{"href":"https:\/\/old.sjobergs.se\/de\/wp-json\/wp\/v2\/product\/3397","targetHints":{"allow":["GET"]}}],"collection":[{"href":"https:\/\/old.sjobergs.se\/de\/wp-json\/wp\/v2\/product"}],"about":[{"href":"https:\/\/old.sjobergs.se\/de\/wp-json\/wp\/v2\/types\/product"}],"wp:featuredmedia":[{"embeddable":true,"href":"https:\/\/old.sjobergs.se\/de\/wp-json\/wp\/v2\/media\/1960"}],"wp:attachment":[{"href":"https:\/\/old.sjobergs.se\/de\/wp-json\/wp\/v2\/media?parent=3397"}],"wp:term":[{"taxonomy":"product_brand","embeddable":true,"href":"https:\/\/old.sjobergs.se\/de\/wp-json\/wp\/v2\/product_brand?post=3397"},{"taxonomy":"product_cat","embeddable":true,"href":"https:\/\/old.sjobergs.se\/de\/wp-json\/wp\/v2\/product_cat?post=3397"},{"taxonomy":"product_tag","embeddable":true,"href":"https:\/\/old.sjobergs.se\/de\/wp-json\/wp\/v2\/product_tag?post=3397"}],"curies":[{"name":"wp","href":"https:\/\/api.w.org\/{rel}","templated":true}]}}