{"id":3392,"date":"2020-05-14T12:48:40","date_gmt":"2020-05-14T12:48:40","guid":{"rendered":"http:\/\/previewsjobergs.se.loopiadns.com\/product\/sjobergs-junior-senior-skap-0022\/"},"modified":"2024-11-11T12:16:41","modified_gmt":"2024-11-11T12:16:41","slug":"sjoebergs-junior-senior-schrank-0022-35013","status":"publish","type":"product","link":"https:\/\/old.sjobergs.se\/de\/product\/sjoebergs-junior-senior-schrank-0022-35013\/","title":{"rendered":"Sj\u00f6bergs Junior\/Senior + Schrank 0022"},"content":{"rendered":"<p>SJ\u00d6BERGS JUNIOR\/SENIOR. <span class=\"s1\">Diese Hobelbank ist ein kreativer Arbeitsplatz f\u00fcr Kinder als <\/span><span class=\"s1\">auch f\u00fcr Erwachsene. Die stabile Hobelbank l\u00e4sst sich <\/span><span class=\"s1\">entweder mit der Arbeitsh\u00f6he 640 oder 860 mm montieren <\/span><span class=\"s1\">und bietet eine Vielfalt an Funktionen.<\/span><\/p>\n<p class=\"p1\"><span class=\"s1\">Er l\u00e4sst sich auch nicht als Solit\u00e4r montieren. <\/span>Besonders geschickt fu\u0308r alle Anwender \u2013 ob klein oder gro\u00df: die doppelte Bankhakenreihe!<\/p>\n<p>4 Bankhaken 33290 sind stets Teil des Lieferumfanges.<\/p>\n<p>WIRD MIT UNTERGESTELL IN ZWEI ARBEITS-H\u00d6HEN GELIEFERT<\/p>\n<p><span class=\"s1\" style=\"color: #008000;\">Der Schrank 0022 passt aufgrund seiner H\u00f6he nur zur Senior-Version.<\/span><\/p>\n<p>.<\/p>\n<p>&nbsp;<\/p>\n","protected":false},"excerpt":{"rendered":"<p>SJ\u00d6BERGS JUNIOR\/SENIOR. Diese Hobelbank ist ein kreativer Arbeitsplatz f\u00fcr Kinder als auch f\u00fcr Erwachsene. Die stabile Hobelbank l\u00e4sst sich entweder mit der Arbeitsh\u00f6he 640 oder 860 mm montieren und bietet eine Vielfalt an Funktionen. Er l\u00e4sst sich auch nicht als Solit\u00e4r montieren. Besonders geschickt fu\u0308r alle Anwender \u2013 ob klein oder gro\u00df: die doppelte Bankhakenreihe! [&hellip;]<\/p>\n","protected":false},"featured_media":1804,"template":"","meta":{"_acf_changed":false},"product_brand":[],"product_cat":[204,224,233,310],"product_tag":[],"class_list":{"0":"post-3392","1":"product","2":"type-product","3":"status-publish","4":"has-post-thumbnail","6":"product_cat-sjobergs-junior-senior-de","7":"product_cat-kombination-de","8":"product_cat-hobelbaenke-fuer-den-hobby-bereich","9":"product_cat-sjoebergs-kindergarten-kitas","10":"product_shipping_class-10-pa-order-de","12":"first","13":"instock","14":"taxable","15":"shipping-taxable","16":"purchasable","17":"product-type-simple"},"acf":[],"_links":{"self":[{"href":"https:\/\/old.sjobergs.se\/de\/wp-json\/wp\/v2\/product\/3392","targetHints":{"allow":["GET"]}}],"collection":[{"href":"https:\/\/old.sjobergs.se\/de\/wp-json\/wp\/v2\/product"}],"about":[{"href":"https:\/\/old.sjobergs.se\/de\/wp-json\/wp\/v2\/types\/product"}],"wp:featuredmedia":[{"embeddable":true,"href":"https:\/\/old.sjobergs.se\/de\/wp-json\/wp\/v2\/media\/1804"}],"wp:attachment":[{"href":"https:\/\/old.sjobergs.se\/de\/wp-json\/wp\/v2\/media?parent=3392"}],"wp:term":[{"taxonomy":"product_brand","embeddable":true,"href":"https:\/\/old.sjobergs.se\/de\/wp-json\/wp\/v2\/product_brand?post=3392"},{"taxonomy":"product_cat","embeddable":true,"href":"https:\/\/old.sjobergs.se\/de\/wp-json\/wp\/v2\/product_cat?post=3392"},{"taxonomy":"product_tag","embeddable":true,"href":"https:\/\/old.sjobergs.se\/de\/wp-json\/wp\/v2\/product_tag?post=3392"}],"curies":[{"name":"wp","href":"https:\/\/api.w.org\/{rel}","templated":true}]}}