{"id":3380,"date":"2020-04-20T09:47:34","date_gmt":"2020-04-20T09:47:34","guid":{"rendered":"http:\/\/previewsjobergs.se.loopiadns.com\/product\/sjobergs-smart-workstation-pro\/"},"modified":"2024-11-11T12:01:03","modified_gmt":"2024-11-11T12:01:03","slug":"sjobergs-smart-workstation-pro-33309","status":"publish","type":"product","link":"https:\/\/old.sjobergs.se\/de\/product\/sjobergs-smart-workstation-pro-33309\/","title":{"rendered":"Sj\u00f6bergs Smart Workstation Pro"},"content":{"rendered":"<p>SJ\u00d6BERGS SMART WORKSTATION PRO. Konstruktion massiv aus Buche. L\u00e4sst sich problemlos u\u0308berall einsetzen. Voraussetzung: Ein oder zwei Klemmen zur Fixierung an beliebiger Unterlage. Gut geeignet fu\u0308r alle, die auf hohem Niveau aber mobil arbeiten mu\u0308ssen. Fu\u0308r besondere Arbeiten an dieser Werkstation gibt es auch Zubeh\u00f6re wie eine Spannzwinge zum Fixieren der Werkstu\u0308cke von oben oder ein Amboss fu\u0308r Arbeiten mit Metall.<\/p>\n<p>Ganz einfach: SMART!<\/p>\n<p>4 Bankhaken 33290 und Schutzbacken 33381 sind stets Teil des Lieferumfanges.<\/p>\n","protected":false},"excerpt":{"rendered":"<p>SJ\u00d6BERGS SMART WORKSTATION PRO. Konstruktion massiv aus Buche. L\u00e4sst sich problemlos u\u0308berall einsetzen. Voraussetzung: Ein oder zwei Klemmen zur Fixierung an beliebiger Unterlage. Gut geeignet fu\u0308r alle, die auf hohem Niveau aber mobil arbeiten mu\u0308ssen. Fu\u0308r besondere Arbeiten an dieser Werkstation gibt es auch Zubeh\u00f6re wie eine Spannzwinge zum Fixieren der Werkstu\u0308cke von oben oder [&hellip;]<\/p>\n","protected":false},"featured_media":1963,"template":"","meta":{"_acf_changed":false},"product_brand":[],"product_cat":[245,233,237],"product_tag":[],"class_list":{"0":"post-3380","1":"product","2":"type-product","3":"status-publish","4":"has-post-thumbnail","6":"product_cat-holzwerken","7":"product_cat-hobelbaenke-fuer-den-hobby-bereich","8":"product_cat-hobelbaenke_fuer_profis","10":"first","11":"instock","12":"taxable","13":"shipping-taxable","14":"purchasable","15":"product-type-simple"},"acf":[],"_links":{"self":[{"href":"https:\/\/old.sjobergs.se\/de\/wp-json\/wp\/v2\/product\/3380","targetHints":{"allow":["GET"]}}],"collection":[{"href":"https:\/\/old.sjobergs.se\/de\/wp-json\/wp\/v2\/product"}],"about":[{"href":"https:\/\/old.sjobergs.se\/de\/wp-json\/wp\/v2\/types\/product"}],"wp:featuredmedia":[{"embeddable":true,"href":"https:\/\/old.sjobergs.se\/de\/wp-json\/wp\/v2\/media\/1963"}],"wp:attachment":[{"href":"https:\/\/old.sjobergs.se\/de\/wp-json\/wp\/v2\/media?parent=3380"}],"wp:term":[{"taxonomy":"product_brand","embeddable":true,"href":"https:\/\/old.sjobergs.se\/de\/wp-json\/wp\/v2\/product_brand?post=3380"},{"taxonomy":"product_cat","embeddable":true,"href":"https:\/\/old.sjobergs.se\/de\/wp-json\/wp\/v2\/product_cat?post=3380"},{"taxonomy":"product_tag","embeddable":true,"href":"https:\/\/old.sjobergs.se\/de\/wp-json\/wp\/v2\/product_tag?post=3380"}],"curies":[{"name":"wp","href":"https:\/\/api.w.org\/{rel}","templated":true}]}}