{"id":3378,"date":"2020-04-20T09:46:30","date_gmt":"2020-04-20T09:46:30","guid":{"rendered":"http:\/\/previewsjobergs.se.loopiadns.com\/product\/sjobergs-multi-function-bench-1060\/"},"modified":"2024-11-11T10:11:08","modified_gmt":"2024-11-11T10:11:08","slug":"sjobergs-multi-function-bench-1060-33820","status":"publish","type":"product","link":"https:\/\/old.sjobergs.se\/de\/product\/sjobergs-multi-function-bench-1060-33820\/","title":{"rendered":"Sj\u00f6bergs Multi Function Bench 1060"},"content":{"rendered":"<p class=\"p1\">SJ\u00d6BERGS MULTI FUNCTION BENCH 1060<br \/>\nDIE PERFEKTE WERKBANK F\u00dcR DEN MOTIVIERTEN HOLZWERKER!<br \/>\nDie Arbeitsplatte aus Buche bietet dem Anwender unz\u00e4hlige M\u00f6glichkeiten der Werkstu\u0308ck-Fixierung. Neben den strategisch angeordneten Bohrungen von 19,2 mm bietet die Platte jeweils eine Vorder- und Hinterzange.<br \/>\nDie SJ\u00d6BERGS Spannzwinge ST11 kommt hier perfekt zum Einsatz.<br \/>\nMit allen weiteren SJ\u00d6BERGS ZUBEH\u00d6REN bietet diese Werkbank ein H\u00f6chstma\u00df an Flexibilit\u00e4t.<\/p>\n<p class=\"p1\">4 Bankhaken 33290 sind stets Teil des Lieferumfanges.<\/p>\n","protected":false},"excerpt":{"rendered":"<p>SJ\u00d6BERGS MULTI FUNCTION BENCH 1060 DIE PERFEKTE WERKBANK F\u00dcR DEN MOTIVIERTEN HOLZWERKER! Die Arbeitsplatte aus Buche bietet dem Anwender unz\u00e4hlige M\u00f6glichkeiten der Werkstu\u0308ck-Fixierung. Neben den strategisch angeordneten Bohrungen von 19,2 mm bietet die Platte jeweils eine Vorder- und Hinterzange. Die SJ\u00d6BERGS Spannzwinge ST11 kommt hier perfekt zum Einsatz. Mit allen weiteren SJ\u00d6BERGS ZUBEH\u00d6REN bietet diese [&hellip;]<\/p>\n","protected":false},"featured_media":1858,"template":"","meta":{"_acf_changed":false},"product_brand":[],"product_cat":[237],"product_tag":[],"class_list":{"0":"post-3378","1":"product","2":"type-product","3":"status-publish","4":"has-post-thumbnail","6":"product_cat-hobelbaenke_fuer_profis","7":"product_shipping_class-10-pa-order-de","9":"first","10":"instock","11":"taxable","12":"shipping-taxable","13":"purchasable","14":"product-type-simple"},"acf":[],"_links":{"self":[{"href":"https:\/\/old.sjobergs.se\/de\/wp-json\/wp\/v2\/product\/3378","targetHints":{"allow":["GET"]}}],"collection":[{"href":"https:\/\/old.sjobergs.se\/de\/wp-json\/wp\/v2\/product"}],"about":[{"href":"https:\/\/old.sjobergs.se\/de\/wp-json\/wp\/v2\/types\/product"}],"wp:featuredmedia":[{"embeddable":true,"href":"https:\/\/old.sjobergs.se\/de\/wp-json\/wp\/v2\/media\/1858"}],"wp:attachment":[{"href":"https:\/\/old.sjobergs.se\/de\/wp-json\/wp\/v2\/media?parent=3378"}],"wp:term":[{"taxonomy":"product_brand","embeddable":true,"href":"https:\/\/old.sjobergs.se\/de\/wp-json\/wp\/v2\/product_brand?post=3378"},{"taxonomy":"product_cat","embeddable":true,"href":"https:\/\/old.sjobergs.se\/de\/wp-json\/wp\/v2\/product_cat?post=3378"},{"taxonomy":"product_tag","embeddable":true,"href":"https:\/\/old.sjobergs.se\/de\/wp-json\/wp\/v2\/product_tag?post=3378"}],"curies":[{"name":"wp","href":"https:\/\/api.w.org\/{rel}","templated":true}]}}