{"id":3373,"date":"2020-04-20T09:46:06","date_gmt":"2020-04-20T09:46:06","guid":{"rendered":"http:\/\/previewsjobergs.se.loopiadns.com\/product\/sjobergs-nordic-plus-1450\/"},"modified":"2024-11-11T12:21:28","modified_gmt":"2024-11-11T12:21:28","slug":"sjoebergs-nordic-1450-33448","status":"publish","type":"product","link":"https:\/\/old.sjobergs.se\/de\/product\/sjoebergs-nordic-1450-33448\/","title":{"rendered":"Sj\u00f6bergs Nordic 1450"},"content":{"rendered":"<p>SJ\u00d6BERGS NORDIC 1450. <span class=\"s1\">Mit einer Arbeitsplatte aus nordischer, extraharter\u00a0 <\/span><span class=\"s1\">Birke ist die Arbeitsplatte ideal f\u00fcr Hobby-Anwender <\/span><span class=\"s1\">und dank frei positionierbarer Zangenn f\u00fcr <\/span><span class=\"s1\">Rechts- und Linksh\u00e4nder gleicherma\u00dfen geeignet.<\/span><\/p>\n<p>4 Bankhaken 33290 sind stets Teil des Lieferumfanges.<\/p>\n<p>&nbsp;<\/p>\n","protected":false},"excerpt":{"rendered":"<p>SJ\u00d6BERGS NORDIC 1450. Mit einer Arbeitsplatte aus nordischer, extraharter\u00a0 Birke ist die Arbeitsplatte ideal f\u00fcr Hobby-Anwender und dank frei positionierbarer Zangenn f\u00fcr Rechts- und Linksh\u00e4nder gleicherma\u00dfen geeignet. 4 Bankhaken 33290 sind stets Teil des Lieferumfanges. &nbsp;<\/p>\n","protected":false},"featured_media":1870,"template":"","meta":{"_acf_changed":false},"product_brand":[],"product_cat":[208,233],"product_tag":[],"class_list":{"0":"post-3373","1":"product","2":"type-product","3":"status-publish","4":"has-post-thumbnail","6":"product_cat-sjobergs-nordic-de-werkbanke-fur-tischlerei-herstellung","7":"product_cat-hobelbaenke-fuer-den-hobby-bereich","8":"product_shipping_class-10-pa-order-de","10":"first","11":"instock","12":"taxable","13":"shipping-taxable","14":"purchasable","15":"product-type-simple"},"acf":[],"_links":{"self":[{"href":"https:\/\/old.sjobergs.se\/de\/wp-json\/wp\/v2\/product\/3373","targetHints":{"allow":["GET"]}}],"collection":[{"href":"https:\/\/old.sjobergs.se\/de\/wp-json\/wp\/v2\/product"}],"about":[{"href":"https:\/\/old.sjobergs.se\/de\/wp-json\/wp\/v2\/types\/product"}],"wp:featuredmedia":[{"embeddable":true,"href":"https:\/\/old.sjobergs.se\/de\/wp-json\/wp\/v2\/media\/1870"}],"wp:attachment":[{"href":"https:\/\/old.sjobergs.se\/de\/wp-json\/wp\/v2\/media?parent=3373"}],"wp:term":[{"taxonomy":"product_brand","embeddable":true,"href":"https:\/\/old.sjobergs.se\/de\/wp-json\/wp\/v2\/product_brand?post=3373"},{"taxonomy":"product_cat","embeddable":true,"href":"https:\/\/old.sjobergs.se\/de\/wp-json\/wp\/v2\/product_cat?post=3373"},{"taxonomy":"product_tag","embeddable":true,"href":"https:\/\/old.sjobergs.se\/de\/wp-json\/wp\/v2\/product_tag?post=3373"}],"curies":[{"name":"wp","href":"https:\/\/api.w.org\/{rel}","templated":true}]}}