{"id":3356,"date":"2020-05-14T10:51:28","date_gmt":"2020-05-14T10:51:28","guid":{"rendered":"http:\/\/previewsjobergs.se.loopiadns.com\/product\/clamping-platform\/"},"modified":"2024-11-11T12:08:17","modified_gmt":"2024-11-11T12:08:17","slug":"sjoebergs-clamping-platform-33467","status":"publish","type":"product","link":"https:\/\/old.sjobergs.se\/de\/product\/sjoebergs-clamping-platform-33467\/","title":{"rendered":"Sj\u00f6bergs Clamping Platform"},"content":{"rendered":"<p>ORIGINAL SJ\u00d6BERGS CLAMPING PLATFORM \u2013 DIE AUSSTATTUNG F\u00dcR PROFIS!<br \/>\nDie Arbeitsfl\u00e4che der SJ\u00d6BERGS ORIGINAL 1900 und ELITE-Hobelbankmodelle kann dank der neuen SJ\u00d6BERGS CLAMPING PLATFORM ganz flexibel und je nach Bedarf um 480 mm verl\u00e4ngert werden. Die Bankhakenl\u00f6cher haben auf dieser Zusatzeinrichtung einen Durchmesser von nur 19 mm und das macht die Hobelbank ELITE \u2013 fu\u0308r sich ausgeru\u0308stet mit L\u00f6chern von 25,4 mm \u2013 eben noch flexibler!<\/p>\n<p>Denn mit dieser zweiten Lochgr\u00f6\u00dfe, vereinigt auf einer Arbeitsfl\u00e4che, lassen sich noch viele andere auf dem Markt befindliche Werkzeuge kompatibel einsetzen. Dazu ist nicht nur das Einspannen auf der Platte sondern auch rundherum an allen Kanten der neuen Plattform m\u00f6glich. Die CLAMPING PLATFORM l\u00e4ss sich auch als separate Arbeitsfl\u00e4che einsetzen, indem sie ganz einfach an eine Wand geschraubt wird.<\/p>\n<p>&nbsp;<\/p>\n<p>4 Bankhaken sind stets Teil des Lieferumfanges.<\/p>\n","protected":false},"excerpt":{"rendered":"<p>N\u00e4r du v\u00e4ljer\u00a0 CLAMPING PLATFORM blir din Eliteb\u00e4nk eller Sj\u00f6bergs Original b\u00e5de mer flexibel och f\u00e5r en st\u00f6rre arbetsyta.<\/p>\n<p>Kan det bli mycket b\u00e4ttre \u00e4n s\u00e5?<\/p>\n","protected":false},"featured_media":1635,"template":"","meta":{"_acf_changed":false},"product_brand":[],"product_cat":[243,237],"product_tag":[],"class_list":{"0":"post-3356","1":"product","2":"type-product","3":"status-publish","4":"has-post-thumbnail","6":"product_cat-hobelbaenkefuerlehrerausbilder","7":"product_cat-hobelbaenke_fuer_profis","8":"product_shipping_class-10-pa-order-de","10":"first","11":"instock","12":"taxable","13":"shipping-taxable","14":"purchasable","15":"product-type-simple"},"acf":[],"_links":{"self":[{"href":"https:\/\/old.sjobergs.se\/de\/wp-json\/wp\/v2\/product\/3356","targetHints":{"allow":["GET"]}}],"collection":[{"href":"https:\/\/old.sjobergs.se\/de\/wp-json\/wp\/v2\/product"}],"about":[{"href":"https:\/\/old.sjobergs.se\/de\/wp-json\/wp\/v2\/types\/product"}],"wp:featuredmedia":[{"embeddable":true,"href":"https:\/\/old.sjobergs.se\/de\/wp-json\/wp\/v2\/media\/1635"}],"wp:attachment":[{"href":"https:\/\/old.sjobergs.se\/de\/wp-json\/wp\/v2\/media?parent=3356"}],"wp:term":[{"taxonomy":"product_brand","embeddable":true,"href":"https:\/\/old.sjobergs.se\/de\/wp-json\/wp\/v2\/product_brand?post=3356"},{"taxonomy":"product_cat","embeddable":true,"href":"https:\/\/old.sjobergs.se\/de\/wp-json\/wp\/v2\/product_cat?post=3356"},{"taxonomy":"product_tag","embeddable":true,"href":"https:\/\/old.sjobergs.se\/de\/wp-json\/wp\/v2\/product_tag?post=3356"}],"curies":[{"name":"wp","href":"https:\/\/api.w.org\/{rel}","templated":true}]}}