{"id":3351,"date":"2020-05-13T16:57:25","date_gmt":"2020-05-13T16:57:25","guid":{"rendered":"http:\/\/previewsjobergs.se.loopiadns.com\/product\/sjobergs-original-1900-kopia\/"},"modified":"2024-11-11T10:24:15","modified_gmt":"2024-11-11T10:24:15","slug":"sjobergs-original-1900-sb119-33819","status":"publish","type":"product","link":"https:\/\/old.sjobergs.se\/de\/product\/sjobergs-original-1900-sb119-33819\/","title":{"rendered":"Sj\u00f6bergs Original 1900"},"content":{"rendered":"<p class=\"p1\">SJ\u00d6BERGS ORIGINAL 1900 ist in ihrer Aus-fu\u0308hrung mit traditioneller Holzschraube nicht nur schwerer und kr\u00e4ftiger sondern auf raffinierte Art auch funktioneller als vergleichbare auf dem Markt befindliche Modelle.<\/p>\n<p class=\"p1\">SJ\u00d6BERGS ORIGINAL 1900 wurde von Profis fu\u0308r Profis konzipiert. Dank der SJ\u00d6BERGS CLAMPING PLATFORM l\u00e4sst sich die Arbeitsplatte auf insgesamt ca 2400 mm verl\u00e4ngern. Die Hobelbank wird komplett aus europ\u00e4ischer Buche hergestellt.<br \/>\nBankhaken sind stets Teil des Lieferumfanges.<\/p>\n","protected":false},"excerpt":{"rendered":"<p>SJ\u00d6BERGS ORIGINAL 1900 ist in ihrer Aus-fu\u0308hrung mit traditioneller Holzschraube nicht nur schwerer und kr\u00e4ftiger sondern auf raffinierte Art auch funktioneller als vergleichbare auf dem Markt befindliche Modelle. SJ\u00d6BERGS ORIGINAL 1900 wurde von Profis fu\u0308r Profis konzipiert. Dank der SJ\u00d6BERGS CLAMPING PLATFORM l\u00e4sst sich die Arbeitsplatte auf insgesamt ca 2400 mm verl\u00e4ngern. Die Hobelbank wird [&hellip;]<\/p>\n","protected":false},"featured_media":2185,"template":"","meta":{"_acf_changed":false},"product_brand":[],"product_cat":[243,210,237],"product_tag":[],"class_list":{"0":"post-3351","1":"product","2":"type-product","3":"status-publish","4":"has-post-thumbnail","6":"product_cat-hobelbaenkefuerlehrerausbilder","7":"product_cat-sjobergs-original-1900-de-werkbanke-fur-tischlerei-herstellung","8":"product_cat-hobelbaenke_fuer_profis","10":"first","11":"instock","12":"taxable","13":"shipping-taxable","14":"purchasable","15":"product-type-simple"},"acf":[],"_links":{"self":[{"href":"https:\/\/old.sjobergs.se\/de\/wp-json\/wp\/v2\/product\/3351","targetHints":{"allow":["GET"]}}],"collection":[{"href":"https:\/\/old.sjobergs.se\/de\/wp-json\/wp\/v2\/product"}],"about":[{"href":"https:\/\/old.sjobergs.se\/de\/wp-json\/wp\/v2\/types\/product"}],"wp:featuredmedia":[{"embeddable":true,"href":"https:\/\/old.sjobergs.se\/de\/wp-json\/wp\/v2\/media\/2185"}],"wp:attachment":[{"href":"https:\/\/old.sjobergs.se\/de\/wp-json\/wp\/v2\/media?parent=3351"}],"wp:term":[{"taxonomy":"product_brand","embeddable":true,"href":"https:\/\/old.sjobergs.se\/de\/wp-json\/wp\/v2\/product_brand?post=3351"},{"taxonomy":"product_cat","embeddable":true,"href":"https:\/\/old.sjobergs.se\/de\/wp-json\/wp\/v2\/product_cat?post=3351"},{"taxonomy":"product_tag","embeddable":true,"href":"https:\/\/old.sjobergs.se\/de\/wp-json\/wp\/v2\/product_tag?post=3351"}],"curies":[{"name":"wp","href":"https:\/\/api.w.org\/{rel}","templated":true}]}}