{"id":3340,"date":"2020-05-15T12:28:32","date_gmt":"2020-05-15T12:28:32","guid":{"rendered":"http:\/\/previewsjobergs.se.loopiadns.com\/product\/sjobergs-elite-2000-sm04-clamping-platform\/"},"modified":"2024-11-11T12:13:23","modified_gmt":"2024-11-11T12:13:23","slug":"sjoebergs-elite-2000-clamping-platform-sm04-35005","status":"publish","type":"product","link":"https:\/\/old.sjobergs.se\/de\/product\/sjoebergs-elite-2000-clamping-platform-sm04-35005\/","title":{"rendered":"Sj\u00f6bergs Elite 2000 + Clamping Platform + SM04"},"content":{"rendered":"<p>SJ\u00d6BERGS ELITE 2000 + SJ\u00d6BERGS CLAMPING PLATFORM = ELITE 2500<br \/>\nSJ\u00d6BERGS ELITE <span class=\"s1\">Hobelb\u00e4nke kombiniert mit der <\/span><span class=\"s1\">CLAMPING PLATFORM bieten nicht nur eine l\u00e4ngere <\/span><span class=\"s1\">Arbeitsfl\u00e4che: Dank der 19 mm Bohrungen auf der <\/span><span class=\"s1\">Verl\u00e4ngerung gibt es zus\u00e4tzliche Einsatzm\u00f6glichkeiten <\/span><span class=\"s1\">f\u00fcr viele auf dem Markt befindliche Werkzeuge und <\/span><span class=\"s1\">auch unserer Spannzwinge ST 11.<br \/>\n<\/span><span class=\"s1\">Werkst\u00fccke lassen sich sowohl von oben als auch <\/span><span class=\"s1\">seitlich an allen Au\u00dfenkanten der CLAMPING PLATFORM <\/span><span class=\"s1\">einspannen. <\/span><span class=\"s1\">Die Hobelbank-Kombination aus europ\u00e4ischer Buche <\/span><span class=\"s1\">(mit erstklassiger \u00d6lbehandlung!) hat eine L\u00e4nge von <\/span><span class=\"s1\">2425 mm. <\/span><span class=\"s1\">Bankhaken 33290 und 33293 sind stets Teil des Lieferumfanges.<\/span><\/p>\n<p>Denn mit dieser zweiten Lochgr\u00f6\u00dfe, vereinigt auf einer Arbeitsfl\u00e4che, lassen sich noch viele andere auf dem Markt befindliche Werkzeuge kompatibel einsetzen. Dazu ist nicht nur das Einspannen auf der Platte sondern auch rundherum an allen Katen der neuen Plattform m\u00f6glich. Die CLAMPING PLATFORM l\u00e4sst sich auch als separate Arbeitsfl\u00e4che einsetzen, indem sie ganz einfach an eine Wand geschraubt wird.<\/p>\n<p>&nbsp;<\/p>\n","protected":false},"excerpt":{"rendered":"<p>SJ\u00d6BERGS ELITE 2000 + SJ\u00d6BERGS CLAMPING PLATFORM = ELITE 2500 SJ\u00d6BERGS ELITE Hobelb\u00e4nke kombiniert mit der CLAMPING PLATFORM bieten nicht nur eine l\u00e4ngere Arbeitsfl\u00e4che: Dank der 19 mm Bohrungen auf der Verl\u00e4ngerung gibt es zus\u00e4tzliche Einsatzm\u00f6glichkeiten f\u00fcr viele auf dem Markt befindliche Werkzeuge und auch unserer Spannzwinge ST 11. Werkst\u00fccke lassen sich sowohl von oben [&hellip;]<\/p>\n","protected":false},"featured_media":1707,"template":"","meta":{"_acf_changed":false},"product_brand":[],"product_cat":[440,243,206,224,237],"product_tag":[357],"class_list":{"0":"post-3340","1":"product","2":"type-product","3":"status-publish","4":"has-post-thumbnail","6":"product_cat-sjobergs-elite-arbetsbankar-for-proffs-de","7":"product_cat-hobelbaenkefuerlehrerausbilder","8":"product_cat-sjobergs-elite-de-werkbanke-fur-tischlerei-herstellung","9":"product_cat-kombination-de","10":"product_cat-hobelbaenke_fuer_profis","11":"product_tag-sjobergs-elite-2000-de","13":"first","14":"instock","15":"taxable","16":"shipping-taxable","17":"purchasable","18":"product-type-simple"},"acf":[],"_links":{"self":[{"href":"https:\/\/old.sjobergs.se\/de\/wp-json\/wp\/v2\/product\/3340","targetHints":{"allow":["GET"]}}],"collection":[{"href":"https:\/\/old.sjobergs.se\/de\/wp-json\/wp\/v2\/product"}],"about":[{"href":"https:\/\/old.sjobergs.se\/de\/wp-json\/wp\/v2\/types\/product"}],"wp:featuredmedia":[{"embeddable":true,"href":"https:\/\/old.sjobergs.se\/de\/wp-json\/wp\/v2\/media\/1707"}],"wp:attachment":[{"href":"https:\/\/old.sjobergs.se\/de\/wp-json\/wp\/v2\/media?parent=3340"}],"wp:term":[{"taxonomy":"product_brand","embeddable":true,"href":"https:\/\/old.sjobergs.se\/de\/wp-json\/wp\/v2\/product_brand?post=3340"},{"taxonomy":"product_cat","embeddable":true,"href":"https:\/\/old.sjobergs.se\/de\/wp-json\/wp\/v2\/product_cat?post=3340"},{"taxonomy":"product_tag","embeddable":true,"href":"https:\/\/old.sjobergs.se\/de\/wp-json\/wp\/v2\/product_tag?post=3340"}],"curies":[{"name":"wp","href":"https:\/\/api.w.org\/{rel}","templated":true}]}}