{"id":18242,"date":"2023-09-29T11:38:30","date_gmt":"2023-09-29T11:38:30","guid":{"rendered":"https:\/\/old.sjobergs.se\/product\/vred-bult-till-stalstativ\/"},"modified":"2025-05-07T12:31:58","modified_gmt":"2025-05-07T11:31:58","slug":"vred-bult-till-stalstativ","status":"publish","type":"product","link":"https:\/\/old.sjobergs.se\/de\/product\/vred-bult-till-stalstativ\/","title":{"rendered":"Riegel + Bolzen f\u00fcr Sj\u00f6bergs Stahlgestell"},"content":{"rendered":"<p>Ersatzteil f\u00fcr Sj\u00f6bergs Stahlgestelle <strong><a href=\"https:\/\/old.sjobergs.se\/de\/product\/stahlgestell-4-station\/\">33198<\/a><\/strong> och <strong><a href=\"https:\/\/old.sjobergs.se\/de\/product\/sjoebergs-gestell-duplex\/\">33827<\/a>. <\/strong>Der Riegel wird verwendet, um die Beine des Stahlgestells zu l\u00f6sen und festzuziehen, wen das Gestell mit Gasd\u00e4mpfern oder einer hydraulischen H\u00f6henverstellung ausgestattet ist. Der Bolzen wird empfohlen, wenn weder Gasd\u00e4mpfer oder hydraulische H\u00f6henverstellung vorhanden sind.<\/p>\n","protected":false},"excerpt":{"rendered":"<p>Ersatzteil f\u00fcr Sj\u00f6bergs Stahlgestelle 33198 och 33827. Der Riegel wird verwendet, um die Beine des Stahlgestells zu l\u00f6sen und festzuziehen, wen das Gestell mit Gasd\u00e4mpfern oder einer hydraulischen H\u00f6henverstellung ausgestattet ist. Der Bolzen wird empfohlen, wenn weder Gasd\u00e4mpfer oder hydraulische H\u00f6henverstellung vorhanden sind.<\/p>\n","protected":false},"featured_media":13416,"template":"","meta":{"_acf_changed":false},"product_brand":[],"product_cat":[420],"product_tag":[],"class_list":{"0":"post-18242","1":"product","2":"type-product","3":"status-publish","4":"has-post-thumbnail","6":"product_cat-ersatzteile-holwerken-schule-und-ausbildung","8":"first","9":"instock","10":"taxable","11":"shipping-taxable","12":"product-type-simple"},"acf":[],"_links":{"self":[{"href":"https:\/\/old.sjobergs.se\/de\/wp-json\/wp\/v2\/product\/18242","targetHints":{"allow":["GET"]}}],"collection":[{"href":"https:\/\/old.sjobergs.se\/de\/wp-json\/wp\/v2\/product"}],"about":[{"href":"https:\/\/old.sjobergs.se\/de\/wp-json\/wp\/v2\/types\/product"}],"wp:featuredmedia":[{"embeddable":true,"href":"https:\/\/old.sjobergs.se\/de\/wp-json\/wp\/v2\/media\/13416"}],"wp:attachment":[{"href":"https:\/\/old.sjobergs.se\/de\/wp-json\/wp\/v2\/media?parent=18242"}],"wp:term":[{"taxonomy":"product_brand","embeddable":true,"href":"https:\/\/old.sjobergs.se\/de\/wp-json\/wp\/v2\/product_brand?post=18242"},{"taxonomy":"product_cat","embeddable":true,"href":"https:\/\/old.sjobergs.se\/de\/wp-json\/wp\/v2\/product_cat?post=18242"},{"taxonomy":"product_tag","embeddable":true,"href":"https:\/\/old.sjobergs.se\/de\/wp-json\/wp\/v2\/product_tag?post=18242"}],"curies":[{"name":"wp","href":"https:\/\/api.w.org\/{rel}","templated":true}]}}