{"id":17811,"date":"2025-01-24T08:57:05","date_gmt":"2025-01-30T09:46:01","guid":{"rendered":"https:\/\/old.sjobergs.se\/?post_type=product&#038;p=17811"},"modified":"2025-01-30T10:46:03","modified_gmt":"2025-01-30T09:46:03","slug":"treibmulde","status":"publish","type":"product","link":"https:\/\/old.sjobergs.se\/de\/product\/treibmulde\/","title":{"rendered":"Treibmulde"},"content":{"rendered":"<p>Die Sj\u00f6bergs Treibmulde besteht aus Buchenholz und verf\u00fcgt \u00fcber drei unterschiedlich geformte, schalenf\u00f6rmige Mulden in einem einzigen St\u00fcck.<\/p>\n","protected":false},"excerpt":{"rendered":"<p>Die Sj\u00f6bergs Treibmulde besteht aus Buchenholz und verf\u00fcgt \u00fcber drei unterschiedlich geformte, schalenf\u00f6rmige Mulden in einem einzigen St\u00fcck.<\/p>\n","protected":false},"featured_media":17306,"template":"","meta":{"_acf_changed":false},"product_brand":[],"product_cat":[275],"product_tag":[],"class_list":{"0":"post-17811","1":"product","2":"type-product","3":"status-publish","4":"has-post-thumbnail","6":"product_cat-zubehoer-holzwerken-schule-und-ausbildung","8":"first","9":"instock","10":"taxable","11":"shipping-taxable","12":"purchasable","13":"product-type-simple"},"acf":[],"_links":{"self":[{"href":"https:\/\/old.sjobergs.se\/de\/wp-json\/wp\/v2\/product\/17811","targetHints":{"allow":["GET"]}}],"collection":[{"href":"https:\/\/old.sjobergs.se\/de\/wp-json\/wp\/v2\/product"}],"about":[{"href":"https:\/\/old.sjobergs.se\/de\/wp-json\/wp\/v2\/types\/product"}],"wp:featuredmedia":[{"embeddable":true,"href":"https:\/\/old.sjobergs.se\/de\/wp-json\/wp\/v2\/media\/17306"}],"wp:attachment":[{"href":"https:\/\/old.sjobergs.se\/de\/wp-json\/wp\/v2\/media?parent=17811"}],"wp:term":[{"taxonomy":"product_brand","embeddable":true,"href":"https:\/\/old.sjobergs.se\/de\/wp-json\/wp\/v2\/product_brand?post=17811"},{"taxonomy":"product_cat","embeddable":true,"href":"https:\/\/old.sjobergs.se\/de\/wp-json\/wp\/v2\/product_cat?post=17811"},{"taxonomy":"product_tag","embeddable":true,"href":"https:\/\/old.sjobergs.se\/de\/wp-json\/wp\/v2\/product_tag?post=17811"}],"curies":[{"name":"wp","href":"https:\/\/api.w.org\/{rel}","templated":true}]}}