{"id":17807,"date":"2025-01-24T08:54:52","date_gmt":"2025-01-30T09:46:01","guid":{"rendered":"https:\/\/old.sjobergs.se\/?post_type=product&#038;p=17807"},"modified":"2025-01-30T10:46:03","modified_gmt":"2025-01-30T09:46:03","slug":"spannhilfe-vorderzangen","status":"publish","type":"product","link":"https:\/\/old.sjobergs.se\/de\/product\/spannhilfe-vorderzangen\/","title":{"rendered":"Spannhilfe f\u00fcr Vorderzangen"},"content":{"rendered":"<p>Sj\u00f6bergs Spannhilfe f\u00fcr Vorderzangen wird als Unterst\u00fctzung f\u00fcr den Teil des Werkzeugs verwendet, der w\u00e4hrend der Arbeit nicht direkt belastet wird.<\/p>\n<p>Ihr Zweck ist es, eine gleichm\u00e4\u00dfige Spannungsverteilung in den F\u00fchrungskomponenten des Werkzeugs zu gew\u00e4hrleisten und so zur Stabilit\u00e4t und Effizienz der Werkzeugfunktion beizutragen.<\/p>\n","protected":false},"excerpt":{"rendered":"<p>Sj\u00f6bergs Spannhilfe f\u00fcr Vorderzangen wird als Unterst\u00fctzung f\u00fcr den Teil des Werkzeugs verwendet, der w\u00e4hrend der Arbeit nicht direkt belastet wird. Ihr Zweck ist es, eine gleichm\u00e4\u00dfige Spannungsverteilung in den F\u00fchrungskomponenten des Werkzeugs zu gew\u00e4hrleisten und so zur Stabilit\u00e4t und Effizienz der Werkzeugfunktion beizutragen.<\/p>\n","protected":false},"featured_media":17817,"template":"","meta":{"_acf_changed":false},"product_brand":[],"product_cat":[291],"product_tag":[],"class_list":{"0":"post-17807","1":"product","2":"type-product","3":"status-publish","4":"has-post-thumbnail","6":"product_cat-sonstiges-zubehoer-zubehoer","8":"first","9":"instock","10":"taxable","11":"shipping-taxable","12":"purchasable","13":"product-type-simple"},"acf":[],"_links":{"self":[{"href":"https:\/\/old.sjobergs.se\/de\/wp-json\/wp\/v2\/product\/17807","targetHints":{"allow":["GET"]}}],"collection":[{"href":"https:\/\/old.sjobergs.se\/de\/wp-json\/wp\/v2\/product"}],"about":[{"href":"https:\/\/old.sjobergs.se\/de\/wp-json\/wp\/v2\/types\/product"}],"wp:featuredmedia":[{"embeddable":true,"href":"https:\/\/old.sjobergs.se\/de\/wp-json\/wp\/v2\/media\/17817"}],"wp:attachment":[{"href":"https:\/\/old.sjobergs.se\/de\/wp-json\/wp\/v2\/media?parent=17807"}],"wp:term":[{"taxonomy":"product_brand","embeddable":true,"href":"https:\/\/old.sjobergs.se\/de\/wp-json\/wp\/v2\/product_brand?post=17807"},{"taxonomy":"product_cat","embeddable":true,"href":"https:\/\/old.sjobergs.se\/de\/wp-json\/wp\/v2\/product_cat?post=17807"},{"taxonomy":"product_tag","embeddable":true,"href":"https:\/\/old.sjobergs.se\/de\/wp-json\/wp\/v2\/product_tag?post=17807"}],"curies":[{"name":"wp","href":"https:\/\/api.w.org\/{rel}","templated":true}]}}