{"id":16748,"date":"2024-08-19T11:54:48","date_gmt":"2024-08-19T11:54:49","guid":{"rendered":"https:\/\/old.sjobergs.se\/?post_type=product&#038;p=16748"},"modified":"2024-11-11T09:17:43","modified_gmt":"2024-11-11T09:17:43","slug":"klappe-zuschneidetisch-kopia","status":"publish","type":"product","link":"https:\/\/old.sjobergs.se\/de\/product\/klappe-zuschneidetisch-kopia\/","title":{"rendered":"Klappe Zuschneidetisch, Virrvarr"},"content":{"rendered":"<p>Ausklappbare Platte f\u00fcr Schneidetisch aus dunkelgrauem Laminat, Virrvarr. Sie k\u00f6nnen zwei ausklappbare Platten am Schneidetisch montieren.<\/p>\n<p>Passend f\u00fcr 33060 und 33066.<\/p>\n","protected":false},"excerpt":{"rendered":"<p>Ausklappbare Platte f\u00fcr Schneidetisch aus dunkelgrauem Laminat, Virrvarr. Sie k\u00f6nnen zwei ausklappbare Platten am Schneidetisch montieren. Passend f\u00fcr 33060 und 33066.<\/p>\n","protected":false},"featured_media":2729,"template":"","meta":{"_acf_changed":false},"product_brand":[],"product_cat":[250,253,255,249],"product_tag":[],"class_list":{"0":"post-16748","1":"product","2":"type-product","3":"status-publish","4":"has-post-thumbnail","6":"product_cat-textiles-werken","7":"product_cat-sjobergszuschneidentisch-de","8":"product_cat-zubehor-und-ersatzteile-textiles-arbeiten","9":"product_cat-schule-und-ausbildung","11":"first","12":"instock","13":"taxable","14":"shipping-taxable","15":"product-type-simple"},"acf":[],"_links":{"self":[{"href":"https:\/\/old.sjobergs.se\/de\/wp-json\/wp\/v2\/product\/16748","targetHints":{"allow":["GET"]}}],"collection":[{"href":"https:\/\/old.sjobergs.se\/de\/wp-json\/wp\/v2\/product"}],"about":[{"href":"https:\/\/old.sjobergs.se\/de\/wp-json\/wp\/v2\/types\/product"}],"wp:featuredmedia":[{"embeddable":true,"href":"https:\/\/old.sjobergs.se\/de\/wp-json\/wp\/v2\/media\/2729"}],"wp:attachment":[{"href":"https:\/\/old.sjobergs.se\/de\/wp-json\/wp\/v2\/media?parent=16748"}],"wp:term":[{"taxonomy":"product_brand","embeddable":true,"href":"https:\/\/old.sjobergs.se\/de\/wp-json\/wp\/v2\/product_brand?post=16748"},{"taxonomy":"product_cat","embeddable":true,"href":"https:\/\/old.sjobergs.se\/de\/wp-json\/wp\/v2\/product_cat?post=16748"},{"taxonomy":"product_tag","embeddable":true,"href":"https:\/\/old.sjobergs.se\/de\/wp-json\/wp\/v2\/product_tag?post=16748"}],"curies":[{"name":"wp","href":"https:\/\/api.w.org\/{rel}","templated":true}]}}