{"id":16582,"date":"2024-07-02T13:02:00","date_gmt":"2024-07-02T13:02:00","guid":{"rendered":"https:\/\/old.sjobergs.se\/?post_type=product&#038;p=16582"},"modified":"2024-11-11T12:04:34","modified_gmt":"2024-11-11T12:04:34","slug":"sjobergs-zuschneidetisch-virrvarr-33066","status":"publish","type":"product","link":"https:\/\/old.sjobergs.se\/de\/product\/sjobergs-zuschneidetisch-virrvarr-33066\/","title":{"rendered":"Sj\u00f6bergs Zuschneidetisch, Virrvarr"},"content":{"rendered":"<p>SJ\u00d6BERGS SCHNEIDE- UND ZUSCHNEIDETISCH ist ausgesprochen vielseitig. Ausgestattet mit einer Laminatplatte, deren 50er Jahre-Muster \u201eVirrvarr\u201c aus der Feder der schwedischen Designerlegende Sigvard Bernadotte stammt und ein stabiles Gestell aus Buchenholz.<br \/>\nEr kann mit unterschiedlichem Zubeh\u00f6r wie ausklappbaren Platten, Schubladenmodul und Klappschublade best\u00fcckt werden.<br \/>\n\u2013 Sie k\u00f6nnen zwei ausklappbare Platten am selben Tisch montieren.<\/p>\n<p>KOMBINIEREN SIE GANZ WIE SIE WOLLEN! Montieren Sie entweder zwei Schubladenmodule, zwei Klappschubladen, oder ein Schubladenmodul und eine Klappschublade. Als Zubeh\u00f6r f\u00fcr den Tisch ist auch eine Halterung f\u00fcr Papierrollen erh\u00e4ltlich.<\/p>\n","protected":false},"excerpt":{"rendered":"<p>SJ\u00d6BERGS SCHNEIDE- UND ZUSCHNEIDETISCH ist ausgesprochen vielseitig. Ausgestattet mit einer Laminatplatte, deren 50er Jahre-Muster \u201eVirrvarr\u201c aus der Feder der schwedischen Designerlegende Sigvard Bernadotte stammt und ein stabiles Gestell aus Buchenholz. Er kann mit unterschiedlichem Zubeh\u00f6r wie ausklappbaren Platten, Schubladenmodul und Klappschublade best\u00fcckt werden. \u2013 Sie k\u00f6nnen zwei ausklappbare Platten am selben Tisch montieren. KOMBINIEREN SIE [&hellip;]<\/p>\n","protected":false},"featured_media":4950,"template":"","meta":{"_acf_changed":false},"product_brand":[],"product_cat":[250,253,255,249],"product_tag":[],"class_list":{"0":"post-16582","1":"product","2":"type-product","3":"status-publish","4":"has-post-thumbnail","6":"product_cat-textiles-werken","7":"product_cat-sjobergszuschneidentisch-de","8":"product_cat-zubehor-und-ersatzteile-textiles-arbeiten","9":"product_cat-schule-und-ausbildung","11":"first","12":"instock","13":"taxable","14":"shipping-taxable","15":"purchasable","16":"product-type-simple"},"acf":[],"_links":{"self":[{"href":"https:\/\/old.sjobergs.se\/de\/wp-json\/wp\/v2\/product\/16582","targetHints":{"allow":["GET"]}}],"collection":[{"href":"https:\/\/old.sjobergs.se\/de\/wp-json\/wp\/v2\/product"}],"about":[{"href":"https:\/\/old.sjobergs.se\/de\/wp-json\/wp\/v2\/types\/product"}],"wp:featuredmedia":[{"embeddable":true,"href":"https:\/\/old.sjobergs.se\/de\/wp-json\/wp\/v2\/media\/4950"}],"wp:attachment":[{"href":"https:\/\/old.sjobergs.se\/de\/wp-json\/wp\/v2\/media?parent=16582"}],"wp:term":[{"taxonomy":"product_brand","embeddable":true,"href":"https:\/\/old.sjobergs.se\/de\/wp-json\/wp\/v2\/product_brand?post=16582"},{"taxonomy":"product_cat","embeddable":true,"href":"https:\/\/old.sjobergs.se\/de\/wp-json\/wp\/v2\/product_cat?post=16582"},{"taxonomy":"product_tag","embeddable":true,"href":"https:\/\/old.sjobergs.se\/de\/wp-json\/wp\/v2\/product_tag?post=16582"}],"curies":[{"name":"wp","href":"https:\/\/api.w.org\/{rel}","templated":true}]}}