{"id":16359,"date":"2024-05-23T11:51:24","date_gmt":"2024-05-23T11:51:24","guid":{"rendered":"https:\/\/old.sjobergs.se\/product\/sjobergs-kvadrat-med-trastativ\/"},"modified":"2024-11-11T10:09:36","modified_gmt":"2024-11-11T10:09:36","slug":"sjobergs-kvadrat-holzgestell-2","status":"publish","type":"product","link":"https:\/\/old.sjobergs.se\/de\/product\/sjobergs-kvadrat-holzgestell-2\/","title":{"rendered":"Sj\u00f6bergs Kvadrat, Holzgestell 1300"},"content":{"rendered":"<p>SJ\u00d6BERGS KVADRAT mit Holzgestell. <span class=\"s1\">Eingelassene H\u00fclsen erm\u00f6glichen den Einsatz von Spannzwingen und packen\u00a0die Werkst\u00fccke von oben. Ideal nicht nur f\u00fcr Anf\u00e4nger im Werkraum!\u00a0Buche, lackiert. Das Ma\u00df der 4-Werkstation: ca 1300 x 1300 x 60 mm.\u00a0Die Platte bietet doppelte Bankhakenreihen mit runden L\u00f6chern f\u00fcr\u00a0versenkbare Bankhaken. Bankhaken sind immer Teil des Lieferumfanges.<\/span><\/p>\n<p>SJ\u00d6BERGS KVADRAT 35016 BESTEHT AUS:<br \/>\n1 x 33797\u00a0 PLATTE<br \/>\n1 X 33269 HOLZGESTELL 1300, 4-WERKSTATION<br \/>\n1 x 33183 WERKZEUGKASTEN<br \/>\n4 X 33383 SCHUTZBACKEN, Paar<br \/>\n4 x 33636 SPANNZWINGE<\/p>\n","protected":false},"excerpt":{"rendered":"<p>SJ\u00d6BERGS KVADRAT mit Holzgestell. Eingelassene H\u00fclsen erm\u00f6glichen den Einsatz von Spannzwingen und packen\u00a0die Werkst\u00fccke von oben. Ideal nicht nur f\u00fcr Anf\u00e4nger im Werkraum!\u00a0Buche, lackiert. Das Ma\u00df der 4-Werkstation: ca 1300 x 1300 x 60 mm.\u00a0Die Platte bietet doppelte Bankhakenreihen mit runden L\u00f6chern f\u00fcr\u00a0versenkbare Bankhaken. Bankhaken sind immer Teil des Lieferumfanges. SJ\u00d6BERGS KVADRAT 35016 BESTEHT AUS: [&hellip;]<\/p>\n","protected":false},"featured_media":12621,"template":"","meta":{"_acf_changed":false},"product_brand":[],"product_cat":[249,267],"product_tag":[],"class_list":{"0":"post-16359","1":"product","2":"type-product","3":"status-publish","4":"has-post-thumbnail","6":"product_cat-schule-und-ausbildung","7":"product_cat-sjobergs-kvadrat-de","9":"first","10":"instock","11":"taxable","12":"shipping-taxable","13":"product-type-simple"},"acf":[],"_links":{"self":[{"href":"https:\/\/old.sjobergs.se\/de\/wp-json\/wp\/v2\/product\/16359","targetHints":{"allow":["GET"]}}],"collection":[{"href":"https:\/\/old.sjobergs.se\/de\/wp-json\/wp\/v2\/product"}],"about":[{"href":"https:\/\/old.sjobergs.se\/de\/wp-json\/wp\/v2\/types\/product"}],"wp:featuredmedia":[{"embeddable":true,"href":"https:\/\/old.sjobergs.se\/de\/wp-json\/wp\/v2\/media\/12621"}],"wp:attachment":[{"href":"https:\/\/old.sjobergs.se\/de\/wp-json\/wp\/v2\/media?parent=16359"}],"wp:term":[{"taxonomy":"product_brand","embeddable":true,"href":"https:\/\/old.sjobergs.se\/de\/wp-json\/wp\/v2\/product_brand?post=16359"},{"taxonomy":"product_cat","embeddable":true,"href":"https:\/\/old.sjobergs.se\/de\/wp-json\/wp\/v2\/product_cat?post=16359"},{"taxonomy":"product_tag","embeddable":true,"href":"https:\/\/old.sjobergs.se\/de\/wp-json\/wp\/v2\/product_tag?post=16359"}],"curies":[{"name":"wp","href":"https:\/\/api.w.org\/{rel}","templated":true}]}}