{"id":14032,"date":"2023-11-09T15:09:10","date_gmt":"2023-11-09T15:09:10","guid":{"rendered":"https:\/\/old.sjobergs.se\/product\/rorlig-bit-kvadrat\/"},"modified":"2024-11-11T09:28:43","modified_gmt":"2024-11-11T09:28:43","slug":"rorlig-bit-kvadrat","status":"publish","type":"product","link":"https:\/\/old.sjobergs.se\/de\/product\/rorlig-bit-kvadrat\/","title":{"rendered":"Holzmodul f\u00fcr Kvadrat"},"content":{"rendered":"<p>Pa\u00dft Sj\u00f6bergs Kvadrat.<\/p>\n","protected":false},"excerpt":{"rendered":"<p>Pa\u00dft Sj\u00f6bergs Kvadrat.<\/p>\n","protected":false},"featured_media":14044,"template":"","meta":{"_acf_changed":false},"product_brand":[],"product_cat":[420],"product_tag":[],"class_list":{"0":"post-14032","1":"product","2":"type-product","3":"status-publish","4":"has-post-thumbnail","6":"product_cat-ersatzteile-holwerken-schule-und-ausbildung","8":"first","9":"instock","10":"taxable","11":"shipping-taxable","12":"product-type-simple"},"acf":[],"_links":{"self":[{"href":"https:\/\/old.sjobergs.se\/de\/wp-json\/wp\/v2\/product\/14032","targetHints":{"allow":["GET"]}}],"collection":[{"href":"https:\/\/old.sjobergs.se\/de\/wp-json\/wp\/v2\/product"}],"about":[{"href":"https:\/\/old.sjobergs.se\/de\/wp-json\/wp\/v2\/types\/product"}],"wp:featuredmedia":[{"embeddable":true,"href":"https:\/\/old.sjobergs.se\/de\/wp-json\/wp\/v2\/media\/14044"}],"wp:attachment":[{"href":"https:\/\/old.sjobergs.se\/de\/wp-json\/wp\/v2\/media?parent=14032"}],"wp:term":[{"taxonomy":"product_brand","embeddable":true,"href":"https:\/\/old.sjobergs.se\/de\/wp-json\/wp\/v2\/product_brand?post=14032"},{"taxonomy":"product_cat","embeddable":true,"href":"https:\/\/old.sjobergs.se\/de\/wp-json\/wp\/v2\/product_cat?post=14032"},{"taxonomy":"product_tag","embeddable":true,"href":"https:\/\/old.sjobergs.se\/de\/wp-json\/wp\/v2\/product_tag?post=14032"}],"curies":[{"name":"wp","href":"https:\/\/api.w.org\/{rel}","templated":true}]}}