{"id":13696,"date":"2023-09-29T11:35:44","date_gmt":"2023-09-29T11:35:44","guid":{"rendered":"https:\/\/old.sjobergs.se\/product\/riv-och-skarutrustning-klippbord\/"},"modified":"2024-11-11T09:27:58","modified_gmt":"2024-11-11T09:27:58","slug":"riv-och-skarutrustning-klippbord","status":"publish","type":"product","link":"https:\/\/old.sjobergs.se\/de\/product\/riv-och-skarutrustning-klippbord\/","title":{"rendered":"Ausr\u00fcstung zum Anrei\u00dfen und Zuschneiden"},"content":{"rendered":"<p>Halterung f\u00fcr Musterpapierrolle.<br \/>\nPasst zu Sj\u00f6bergs Zuschneidetisch, der mit einem Schubladensatz montiert ist. Kann leicht mit Befestigungsschrauben an der Leiste unterhalb des Schubladensatzes angebracht werden.<\/p>\n<p>Kann auch auf Sj\u00f6bergs Zuschneidetisch ohne Schubladensatz montiert werden, jedoch sind dann keine vorgebohrten L\u00f6cher f\u00fcr Befestigungsschrauben vorhanden.<\/p>\n","protected":false},"excerpt":{"rendered":"<p>Halterung f\u00fcr Musterpapierrolle. Passt zu Sj\u00f6bergs Zuschneidetisch, der mit einem Schubladensatz montiert ist. Kann leicht mit Befestigungsschrauben an der Leiste unterhalb des Schubladensatzes angebracht werden. Kann auch auf Sj\u00f6bergs Zuschneidetisch ohne Schubladensatz montiert werden, jedoch sind dann keine vorgebohrten L\u00f6cher f\u00fcr Befestigungsschrauben vorhanden.<\/p>\n","protected":false},"featured_media":13413,"template":"","meta":{"_acf_changed":false},"product_brand":[],"product_cat":[255,249],"product_tag":[],"class_list":{"0":"post-13696","1":"product","2":"type-product","3":"status-publish","4":"has-post-thumbnail","6":"product_cat-zubehor-und-ersatzteile-textiles-arbeiten","7":"product_cat-schule-und-ausbildung","9":"first","10":"instock","11":"taxable","12":"shipping-taxable","13":"product-type-simple"},"acf":[],"_links":{"self":[{"href":"https:\/\/old.sjobergs.se\/de\/wp-json\/wp\/v2\/product\/13696","targetHints":{"allow":["GET"]}}],"collection":[{"href":"https:\/\/old.sjobergs.se\/de\/wp-json\/wp\/v2\/product"}],"about":[{"href":"https:\/\/old.sjobergs.se\/de\/wp-json\/wp\/v2\/types\/product"}],"wp:featuredmedia":[{"embeddable":true,"href":"https:\/\/old.sjobergs.se\/de\/wp-json\/wp\/v2\/media\/13413"}],"wp:attachment":[{"href":"https:\/\/old.sjobergs.se\/de\/wp-json\/wp\/v2\/media?parent=13696"}],"wp:term":[{"taxonomy":"product_brand","embeddable":true,"href":"https:\/\/old.sjobergs.se\/de\/wp-json\/wp\/v2\/product_brand?post=13696"},{"taxonomy":"product_cat","embeddable":true,"href":"https:\/\/old.sjobergs.se\/de\/wp-json\/wp\/v2\/product_cat?post=13696"},{"taxonomy":"product_tag","embeddable":true,"href":"https:\/\/old.sjobergs.se\/de\/wp-json\/wp\/v2\/product_tag?post=13696"}],"curies":[{"name":"wp","href":"https:\/\/api.w.org\/{rel}","templated":true}]}}