{"id":13543,"date":"2021-11-18T08:37:31","date_gmt":"2021-11-18T08:37:31","guid":{"rendered":"https:\/\/old.sjobergs.se\/product\/utf-sjobergs-kvadrat-skiva\/"},"modified":"2024-11-11T13:07:56","modified_gmt":"2024-11-11T13:07:56","slug":"utf-sjobergs-kvadrat-skiva","status":"publish","type":"product","link":"https:\/\/old.sjobergs.se\/de\/product\/utf-sjobergs-kvadrat-skiva\/","title":{"rendered":"Sj\u00f6bergs Einzel-Arbeitsplatte Kvadrat"},"content":{"rendered":"<p>Die Arbeitsplatte Kvadrat ist eine stabile und widerstandsf\u00e4hige Arbeitsunterlage und bietet vier Anwendern einen quadratisch angeordneten Arbeitsplatz.<\/p>\n<p>Im Sinne eines Ersatzteils bieten wir auch einzelne Platten mit einer St\u00e4rke von 60 mm aus Buche, behandelt mit einem wasserbasierten umweltfreundlichen Holzlack an. Die Platte ist jeweils ausgestattet mit einer doppelte Bankhakenreihe f\u00fcr runde Bankhaken, die eine flexible Einspannung von Werkst\u00fccken erm\u00f6glichen.<\/p>\n<p>Die Einzelplatte ist als Ersatzteil f\u00fcr die 4-Personen Platte Kvadrat mit Art.Nr 33797 knzipiert, kurzum f\u00fcr solche Werkr\u00e4ume, in denen bereits eine 4-Gruppe Kvadrat vorhanden ist.<\/p>\n<p>Beschl\u00e4ge, Handgriff oder Bankhaken sind nicht Teil des Lieferumfanges.<\/p>\n<p>&nbsp;<\/p>\n<p>&nbsp;<\/p>\n","protected":false},"excerpt":{"rendered":"<p>Die Arbeitsplatte Kvadrat ist eine stabile und widerstandsf\u00e4hige Arbeitsunterlage und bietet vier Anwendern einen quadratisch angeordneten Arbeitsplatz. Im Sinne eines Ersatzteils bieten wir auch einzelne Platten mit einer St\u00e4rke von 60 mm aus Buche, behandelt mit einem wasserbasierten umweltfreundlichen Holzlack an. Die Platte ist jeweils ausgestattet mit einer doppelte Bankhakenreihe f\u00fcr runde Bankhaken, die eine [&hellip;]<\/p>\n","protected":false},"featured_media":13504,"template":"","meta":{"_acf_changed":false},"product_brand":[],"product_cat":[420],"product_tag":[427,430],"class_list":{"0":"post-13543","1":"product","2":"type-product","3":"status-publish","4":"has-post-thumbnail","6":"product_cat-ersatzteile-holwerken-schule-und-ausbildung","7":"product_tag-4-grupp-de","8":"product_tag-kvadraten-de","10":"first","11":"instock","12":"taxable","13":"shipping-taxable","14":"product-type-simple"},"acf":[],"_links":{"self":[{"href":"https:\/\/old.sjobergs.se\/de\/wp-json\/wp\/v2\/product\/13543","targetHints":{"allow":["GET"]}}],"collection":[{"href":"https:\/\/old.sjobergs.se\/de\/wp-json\/wp\/v2\/product"}],"about":[{"href":"https:\/\/old.sjobergs.se\/de\/wp-json\/wp\/v2\/types\/product"}],"wp:featuredmedia":[{"embeddable":true,"href":"https:\/\/old.sjobergs.se\/de\/wp-json\/wp\/v2\/media\/13504"}],"wp:attachment":[{"href":"https:\/\/old.sjobergs.se\/de\/wp-json\/wp\/v2\/media?parent=13543"}],"wp:term":[{"taxonomy":"product_brand","embeddable":true,"href":"https:\/\/old.sjobergs.se\/de\/wp-json\/wp\/v2\/product_brand?post=13543"},{"taxonomy":"product_cat","embeddable":true,"href":"https:\/\/old.sjobergs.se\/de\/wp-json\/wp\/v2\/product_cat?post=13543"},{"taxonomy":"product_tag","embeddable":true,"href":"https:\/\/old.sjobergs.se\/de\/wp-json\/wp\/v2\/product_tag?post=13543"}],"curies":[{"name":"wp","href":"https:\/\/api.w.org\/{rel}","templated":true}]}}