{"id":12555,"date":"2023-03-06T12:57:06","date_gmt":"2023-03-06T12:57:33","guid":{"rendered":"https:\/\/old.sjobergs.se\/?post_type=product&#038;p=12555"},"modified":"2025-04-09T10:12:58","modified_gmt":"2025-04-09T09:12:58","slug":"werkzeughalter-33840","status":"publish","type":"product","link":"https:\/\/old.sjobergs.se\/de\/product\/werkzeughalter-33840\/","title":{"rendered":"Sj\u00f6bergs Werkzeughalter"},"content":{"rendered":"<p>Mit dem drehbaren SJ\u00d6BERGS WERZEUGHALTER ist es ganz einfach, Ordnung zu schaffen und die Werkzeuge stehen sofort leicht zug\u00e4nglich bereit. Dank seines runden Designs lassen sich eine Menge unterschiedlicher Werkzeuge unterbringen.<\/p>\n<p>Der drehbare Werkzeughalter aus Buche hat einen Handgriff aus Stahl, so dass man ihn leicht mitnehmen oder umstellen kann. Dieser \u00a0Handgriff passt sowohl in die 19- als auch 25,4 mm Bohrungen unserer Hobelb\u00e4nke und dank des rotierenden Designs ist das ben\u00f6tigte Werkzeug schnell gefunden.<\/p>\n<p>&nbsp;<\/p>\n","protected":false},"excerpt":{"rendered":"<p>Mit dem drehbaren SJ\u00d6BERGS WERZEUGHALTER ist es ganz einfach, Ordnung zu schaffen und die Werkzeuge stehen sofort leicht zug\u00e4nglich bereit. Dank seines runden Designs lassen sich eine Menge unterschiedlicher Werkzeuge unterbringen. Der drehbare Werkzeughalter aus Buche hat einen Handgriff aus Stahl, so dass man ihn leicht mitnehmen oder umstellen kann. Dieser \u00a0Handgriff passt sowohl in [&hellip;]<\/p>\n","protected":false},"featured_media":12202,"template":"","meta":{"_acf_changed":false},"product_brand":[],"product_cat":[233,237,291],"product_tag":[],"class_list":{"0":"post-12555","1":"product","2":"type-product","3":"status-publish","4":"has-post-thumbnail","6":"product_cat-hobelbaenke-fuer-den-hobby-bereich","7":"product_cat-hobelbaenke_fuer_profis","8":"product_cat-sonstiges-zubehoer-zubehoer","9":"product_shipping_class-10-pa-order-de","11":"first","12":"instock","13":"taxable","14":"shipping-taxable","15":"purchasable","16":"product-type-simple"},"acf":[],"_links":{"self":[{"href":"https:\/\/old.sjobergs.se\/de\/wp-json\/wp\/v2\/product\/12555","targetHints":{"allow":["GET"]}}],"collection":[{"href":"https:\/\/old.sjobergs.se\/de\/wp-json\/wp\/v2\/product"}],"about":[{"href":"https:\/\/old.sjobergs.se\/de\/wp-json\/wp\/v2\/types\/product"}],"wp:featuredmedia":[{"embeddable":true,"href":"https:\/\/old.sjobergs.se\/de\/wp-json\/wp\/v2\/media\/12202"}],"wp:attachment":[{"href":"https:\/\/old.sjobergs.se\/de\/wp-json\/wp\/v2\/media?parent=12555"}],"wp:term":[{"taxonomy":"product_brand","embeddable":true,"href":"https:\/\/old.sjobergs.se\/de\/wp-json\/wp\/v2\/product_brand?post=12555"},{"taxonomy":"product_cat","embeddable":true,"href":"https:\/\/old.sjobergs.se\/de\/wp-json\/wp\/v2\/product_cat?post=12555"},{"taxonomy":"product_tag","embeddable":true,"href":"https:\/\/old.sjobergs.se\/de\/wp-json\/wp\/v2\/product_tag?post=12555"}],"curies":[{"name":"wp","href":"https:\/\/api.w.org\/{rel}","templated":true}]}}