{"id":12546,"date":"2023-03-06T13:29:40","date_gmt":"2023-02-27T13:17:43","guid":{"rendered":"https:\/\/old.sjobergs.se\/?post_type=product&#038;p=12546"},"modified":"2024-11-11T09:48:13","modified_gmt":"2024-11-11T09:48:13","slug":"sjobergs-duplex-2-mit-holzgestell","status":"publish","type":"product","link":"https:\/\/old.sjobergs.se\/de\/product\/sjobergs-duplex-2-mit-holzgestell\/","title":{"rendered":"Sj\u00f6bergs Duplex 2 mit Holzgestell"},"content":{"rendered":"<p>SJ\u00d6BERGS DUPLEX mit Holzgestell. Perfekt f\u00fcr den Einsatz im Unterricht, da er von zwei Rechtsh\u00e4ndern, zwei Linksh\u00e4ndern oder einem Rechts- und einem Linksh\u00e4nder benutzt werden kann. Die massive, lackierte Platte aus Buche hat eine St\u00e4rke von 60 mm. Dank ihrer kr\u00e4fitgen Stahlkonstruktion ist die Zange stabil und flexibel zugleich.<br \/>\nGestell aus Buche. Arbeitsh\u00f6he 900 mm. Bankhaken sind immer Teil des Lieferumfanges.<\/p>\n<p>SJ\u00d6BERGS DUPLEX 2 (2-Personen-Werkstation)<br \/>\nBESTEHT AUS :<br \/>\n2 x 33826 PLATTE DUPLEX<br \/>\n1 x 33830\u00a0 HOLZGESTELL<br \/>\n2 x 33383 SCHUTZBACKEN<br \/>\n2 x 33636 SPANNZWINGE<\/p>\n","protected":false},"excerpt":{"rendered":"<p>SJ\u00d6BERGS DUPLEX mit Holzgestell. Perfekt f\u00fcr den Einsatz im Unterricht, da er von zwei Rechtsh\u00e4ndern, zwei Linksh\u00e4ndern oder einem Rechts- und einem Linksh\u00e4nder benutzt werden kann. Die massive, lackierte Platte aus Buche hat eine St\u00e4rke von 60 mm. Dank ihrer kr\u00e4fitgen Stahlkonstruktion ist die Zange stabil und flexibel zugleich. Gestell aus Buche. Arbeitsh\u00f6he 900 mm. [&hellip;]<\/p>\n","protected":false},"featured_media":11975,"template":"","meta":{"_acf_changed":false},"product_brand":[],"product_cat":[401,249],"product_tag":[408],"class_list":{"0":"post-12546","1":"product","2":"type-product","3":"status-publish","4":"has-post-thumbnail","6":"product_cat-sjobergs-duplex-de","7":"product_cat-schule-und-ausbildung","8":"product_tag-duplex-de-2","10":"first","11":"instock","12":"taxable","13":"shipping-taxable","14":"product-type-simple"},"acf":[],"_links":{"self":[{"href":"https:\/\/old.sjobergs.se\/de\/wp-json\/wp\/v2\/product\/12546","targetHints":{"allow":["GET"]}}],"collection":[{"href":"https:\/\/old.sjobergs.se\/de\/wp-json\/wp\/v2\/product"}],"about":[{"href":"https:\/\/old.sjobergs.se\/de\/wp-json\/wp\/v2\/types\/product"}],"wp:featuredmedia":[{"embeddable":true,"href":"https:\/\/old.sjobergs.se\/de\/wp-json\/wp\/v2\/media\/11975"}],"wp:attachment":[{"href":"https:\/\/old.sjobergs.se\/de\/wp-json\/wp\/v2\/media?parent=12546"}],"wp:term":[{"taxonomy":"product_brand","embeddable":true,"href":"https:\/\/old.sjobergs.se\/de\/wp-json\/wp\/v2\/product_brand?post=12546"},{"taxonomy":"product_cat","embeddable":true,"href":"https:\/\/old.sjobergs.se\/de\/wp-json\/wp\/v2\/product_cat?post=12546"},{"taxonomy":"product_tag","embeddable":true,"href":"https:\/\/old.sjobergs.se\/de\/wp-json\/wp\/v2\/product_tag?post=12546"}],"curies":[{"name":"wp","href":"https:\/\/api.w.org\/{rel}","templated":true}]}}