{"id":12109,"date":"2023-01-05T12:28:39","date_gmt":"2023-01-05T12:28:39","guid":{"rendered":"https:\/\/old.sjobergs.se\/product\/sjobergs-duplex-trastativ-2-station\/"},"modified":"2024-11-11T09:50:35","modified_gmt":"2024-11-11T09:50:35","slug":"sjobergs-duplex-holzgestell-2-station","status":"publish","type":"product","link":"https:\/\/old.sjobergs.se\/de\/product\/sjobergs-duplex-holzgestell-2-station\/","title":{"rendered":"Sj\u00f6bergs Duplex Holzgestell f\u00fcr 2-Werkstation"},"content":{"rendered":"<p>Holzgestell pa\u00dft zu 2 St\u00fcck Sj\u00f6bergs Platte Duplex, art nr 33826<\/p>\n","protected":false},"excerpt":{"rendered":"<p>Holzgestell pa\u00dft zu 2 St\u00fcck Sj\u00f6bergs Platte Duplex, art nr 33826<\/p>\n","protected":false},"featured_media":11969,"template":"","meta":{"_acf_changed":false},"product_brand":[],"product_cat":[401,245,249,273],"product_tag":[399],"class_list":{"0":"post-12109","1":"product","2":"type-product","3":"status-publish","4":"has-post-thumbnail","6":"product_cat-sjobergs-duplex-de","7":"product_cat-holzwerken","8":"product_cat-schule-und-ausbildung","9":"product_cat-gestell-schule-und-ausbildung","10":"product_tag-duplex-de","12":"first","13":"instock","14":"taxable","15":"shipping-taxable","16":"product-type-simple"},"acf":[],"_links":{"self":[{"href":"https:\/\/old.sjobergs.se\/de\/wp-json\/wp\/v2\/product\/12109","targetHints":{"allow":["GET"]}}],"collection":[{"href":"https:\/\/old.sjobergs.se\/de\/wp-json\/wp\/v2\/product"}],"about":[{"href":"https:\/\/old.sjobergs.se\/de\/wp-json\/wp\/v2\/types\/product"}],"wp:featuredmedia":[{"embeddable":true,"href":"https:\/\/old.sjobergs.se\/de\/wp-json\/wp\/v2\/media\/11969"}],"wp:attachment":[{"href":"https:\/\/old.sjobergs.se\/de\/wp-json\/wp\/v2\/media?parent=12109"}],"wp:term":[{"taxonomy":"product_brand","embeddable":true,"href":"https:\/\/old.sjobergs.se\/de\/wp-json\/wp\/v2\/product_brand?post=12109"},{"taxonomy":"product_cat","embeddable":true,"href":"https:\/\/old.sjobergs.se\/de\/wp-json\/wp\/v2\/product_cat?post=12109"},{"taxonomy":"product_tag","embeddable":true,"href":"https:\/\/old.sjobergs.se\/de\/wp-json\/wp\/v2\/product_tag?post=12109"}],"curies":[{"name":"wp","href":"https:\/\/api.w.org\/{rel}","templated":true}]}}