{"id":12105,"date":"2023-01-05T12:22:30","date_gmt":"2023-01-05T12:23:16","guid":{"rendered":"https:\/\/old.sjobergs.se\/?post_type=product&#038;p=12105"},"modified":"2024-11-11T09:49:36","modified_gmt":"2024-11-11T09:49:36","slug":"sjobergs-duplex-holzgestell-1-station","status":"publish","type":"product","link":"https:\/\/old.sjobergs.se\/de\/product\/sjobergs-duplex-holzgestell-1-station\/","title":{"rendered":"Sj\u00f6bergs Duplex Holzgestell f\u00fcr 1-Werkstation"},"content":{"rendered":"<p>Holzgestell pa\u00dft zu Sj\u00f6bergs Platte Duplex, Art Nr 33826<\/p>\n","protected":false},"excerpt":{"rendered":"<p>Holzgestell pa\u00dft zu Sj\u00f6bergs Platte Duplex, Art Nr 33826<\/p>\n","protected":false},"featured_media":11954,"template":"","meta":{"_acf_changed":false},"product_brand":[],"product_cat":[401,245,249,273],"product_tag":[408],"class_list":{"0":"post-12105","1":"product","2":"type-product","3":"status-publish","4":"has-post-thumbnail","6":"product_cat-sjobergs-duplex-de","7":"product_cat-holzwerken","8":"product_cat-schule-und-ausbildung","9":"product_cat-gestell-schule-und-ausbildung","10":"product_tag-duplex-de-2","12":"first","13":"instock","14":"taxable","15":"shipping-taxable","16":"product-type-simple"},"acf":[],"_links":{"self":[{"href":"https:\/\/old.sjobergs.se\/de\/wp-json\/wp\/v2\/product\/12105","targetHints":{"allow":["GET"]}}],"collection":[{"href":"https:\/\/old.sjobergs.se\/de\/wp-json\/wp\/v2\/product"}],"about":[{"href":"https:\/\/old.sjobergs.se\/de\/wp-json\/wp\/v2\/types\/product"}],"wp:featuredmedia":[{"embeddable":true,"href":"https:\/\/old.sjobergs.se\/de\/wp-json\/wp\/v2\/media\/11954"}],"wp:attachment":[{"href":"https:\/\/old.sjobergs.se\/de\/wp-json\/wp\/v2\/media?parent=12105"}],"wp:term":[{"taxonomy":"product_brand","embeddable":true,"href":"https:\/\/old.sjobergs.se\/de\/wp-json\/wp\/v2\/product_brand?post=12105"},{"taxonomy":"product_cat","embeddable":true,"href":"https:\/\/old.sjobergs.se\/de\/wp-json\/wp\/v2\/product_cat?post=12105"},{"taxonomy":"product_tag","embeddable":true,"href":"https:\/\/old.sjobergs.se\/de\/wp-json\/wp\/v2\/product_tag?post=12105"}],"curies":[{"name":"wp","href":"https:\/\/api.w.org\/{rel}","templated":true}]}}