{"id":11450,"date":"2022-11-14T12:46:27","date_gmt":"2022-11-14T12:46:27","guid":{"rendered":"https:\/\/old.sjobergs.se\/?post_type=product&#038;p=11450"},"modified":"2024-11-11T12:49:34","modified_gmt":"2024-11-11T12:49:34","slug":"sockel-fur-sjobergs-schrank-1-2-3","status":"publish","type":"product","link":"https:\/\/old.sjobergs.se\/de\/product\/sockel-fur-sjobergs-schrank-1-2-3\/","title":{"rendered":"Sockel f\u00fcr Sj\u00f6bergs Schrank 1, 2 und 3"},"content":{"rendered":"<p>Sockel passt zu Sj\u00f6bergs Schrank 1, 2 und 3.<\/p>\n","protected":false},"excerpt":{"rendered":"<p>Sockel passt zu Sj\u00f6bergs Schrank 1, 2 und 3.<\/p>\n","protected":false},"featured_media":1611,"template":"","meta":{"_acf_changed":false},"product_brand":[],"product_cat":[194,196,249],"product_tag":[],"class_list":{"0":"post-11450","1":"product","2":"type-product","3":"status-publish","4":"has-post-thumbnail","6":"product_cat-sjobergs-aufbewahrungsschranke","7":"product_cat-schrank1_einfach_selber_bauen","8":"product_cat-schule-und-ausbildung","10":"first","11":"instock","12":"taxable","13":"shipping-taxable","14":"purchasable","15":"product-type-simple"},"acf":[],"_links":{"self":[{"href":"https:\/\/old.sjobergs.se\/de\/wp-json\/wp\/v2\/product\/11450","targetHints":{"allow":["GET"]}}],"collection":[{"href":"https:\/\/old.sjobergs.se\/de\/wp-json\/wp\/v2\/product"}],"about":[{"href":"https:\/\/old.sjobergs.se\/de\/wp-json\/wp\/v2\/types\/product"}],"wp:featuredmedia":[{"embeddable":true,"href":"https:\/\/old.sjobergs.se\/de\/wp-json\/wp\/v2\/media\/1611"}],"wp:attachment":[{"href":"https:\/\/old.sjobergs.se\/de\/wp-json\/wp\/v2\/media?parent=11450"}],"wp:term":[{"taxonomy":"product_brand","embeddable":true,"href":"https:\/\/old.sjobergs.se\/de\/wp-json\/wp\/v2\/product_brand?post=11450"},{"taxonomy":"product_cat","embeddable":true,"href":"https:\/\/old.sjobergs.se\/de\/wp-json\/wp\/v2\/product_cat?post=11450"},{"taxonomy":"product_tag","embeddable":true,"href":"https:\/\/old.sjobergs.se\/de\/wp-json\/wp\/v2\/product_tag?post=11450"}],"curies":[{"name":"wp","href":"https:\/\/api.w.org\/{rel}","templated":true}]}}