{"id":11444,"date":"2022-11-14T11:59:52","date_gmt":"2022-11-14T11:59:52","guid":{"rendered":"https:\/\/old.sjobergs.se\/?post_type=product&#038;p=11444"},"modified":"2024-11-11T13:05:43","modified_gmt":"2024-11-11T13:05:43","slug":"turen-whiteboard-schrank-1","status":"publish","type":"product","link":"https:\/\/old.sjobergs.se\/de\/product\/turen-whiteboard-schrank-1\/","title":{"rendered":"T\u00fcren, Whiteboard, Schrank 1"},"content":{"rendered":"<p>Dieses Element ist mit einer \u201ePocket-Door\u201c T\u00fcrkonstruktion versehen. Schl\u00f6sser und Griffe sind nicht enthalten.<br \/>\nPassend f\u00fcr Grundelement Art. Nr 38954.<\/p>\n","protected":false},"excerpt":{"rendered":"<p>Dieses Element ist mit einer \u201ePocket-Door\u201c T\u00fcrkonstruktion versehen. Schl\u00f6sser und Griffe sind nicht enthalten. Passend f\u00fcr Grundelement Art. Nr 38954.<\/p>\n","protected":false},"featured_media":11189,"template":"","meta":{"_acf_changed":false},"product_brand":[],"product_cat":[194,196,249],"product_tag":[198,200,202],"class_list":{"0":"post-11444","1":"product","2":"type-product","3":"status-publish","4":"has-post-thumbnail","6":"product_cat-sjobergs-aufbewahrungsschranke","7":"product_cat-schrank1_einfach_selber_bauen","8":"product_cat-schule-und-ausbildung","9":"product_tag-skap-1-de","10":"product_tag-whiteboarddorrar-de","11":"product_tag-skapstomme-de","13":"first","14":"instock","15":"taxable","16":"shipping-taxable","17":"purchasable","18":"product-type-simple"},"acf":[],"_links":{"self":[{"href":"https:\/\/old.sjobergs.se\/de\/wp-json\/wp\/v2\/product\/11444","targetHints":{"allow":["GET"]}}],"collection":[{"href":"https:\/\/old.sjobergs.se\/de\/wp-json\/wp\/v2\/product"}],"about":[{"href":"https:\/\/old.sjobergs.se\/de\/wp-json\/wp\/v2\/types\/product"}],"wp:featuredmedia":[{"embeddable":true,"href":"https:\/\/old.sjobergs.se\/de\/wp-json\/wp\/v2\/media\/11189"}],"wp:attachment":[{"href":"https:\/\/old.sjobergs.se\/de\/wp-json\/wp\/v2\/media?parent=11444"}],"wp:term":[{"taxonomy":"product_brand","embeddable":true,"href":"https:\/\/old.sjobergs.se\/de\/wp-json\/wp\/v2\/product_brand?post=11444"},{"taxonomy":"product_cat","embeddable":true,"href":"https:\/\/old.sjobergs.se\/de\/wp-json\/wp\/v2\/product_cat?post=11444"},{"taxonomy":"product_tag","embeddable":true,"href":"https:\/\/old.sjobergs.se\/de\/wp-json\/wp\/v2\/product_tag?post=11444"}],"curies":[{"name":"wp","href":"https:\/\/api.w.org\/{rel}","templated":true}]}}