{"id":11413,"date":"2022-11-10T07:00:54","date_gmt":"2022-11-10T07:00:54","guid":{"rendered":"https:\/\/old.sjobergs.se\/?post_type=product&#038;p=11413"},"modified":"2024-11-11T10:46:39","modified_gmt":"2024-11-11T10:46:39","slug":"sjobergs-schrank-1-birkentur-werkraume-vorschlag","status":"publish","type":"product","link":"https:\/\/old.sjobergs.se\/de\/product\/sjobergs-schrank-1-birkentur-werkraume-vorschlag\/","title":{"rendered":"Sj\u00f6bergs Schrank 1, Birkent\u00fcr, Werkr\u00e4ume Vorschlag"},"content":{"rendered":"<p class=\"p1\">SJ\u00d6BERGS SCHRANK 1, Werkr\u00e4ume Vorschlag, Birkent\u00fcr 38009<\/p>\n<ul>\n<li class=\"p1\"><strong>DER INNENRAUM BESTEHT AUS:<\/strong><\/li>\n<li class=\"p2\">4 x 38960 ABLAGE<\/li>\n<li class=\"p2\">1 x 38961 SCHR\u00c4G ZU STELLENDE ABLAGE<\/li>\n<li class=\"p2\">3 x 38970 SCHUBLADE H\u00d6HE 64<\/li>\n<li class=\"p2\">1 x 38971 SCHUBLADE H\u00d6HE 96<\/li>\n<li class=\"p2\">2 x 33991 SCHUBLAGENMATTE<\/li>\n<li class=\"p2\">2 x 33993 ABLAGENMATTE<\/li>\n<li class=\"p2\">2 x 33992 LEISTEN F\u00dcR WERKZEUG<\/li>\n<li>4 x 38204 KLEINFACH 3 F\u00dcR SCHUBLADE<\/li>\n<li>2 x 38205 KLEINFACH 7 F\u00dcR SCHUBLADE<\/li>\n<\/ul>\n<p>&nbsp;<\/p>\n<p>SJ\u00d6BERGS SCHRANK 1. Robust und sch\u00f6n fu\u0308r vielf\u00e4ltigen Gebrauch. Um lange Haltbarkeit und Lebensdauer zu gew\u00e4hrleisten, werden Grundmodell samt Einteilung innen aus 19 mm starkem Melamin beschictet MDF hergestellt. Die Tu\u0308ren lassen sich jeweils in den \u00d6ffnungen der Schrankseiten versenken.<br \/>\nDieses Schranksystem ist fu\u0308r viele Anwendungsbereiche \u2013 etwa in der Schule, im Bu\u0308ro oder in Arbeitsr\u00e4umen geeignet.<br \/>\nUm Frachtsch\u00e4den und Kosten so gering wie m\u00f6glich zu halten, werden alle Schr\u00e4nke zerlegt geliefert. Der Aufbau ist einfach.<\/p>\n<p>Weiteres Informationsmaterial u\u0308ber unsere Schranksysteme finden Sie unter www.sjobergs.se<\/p>\n","protected":false},"excerpt":{"rendered":"<p>SJ\u00d6BERGS SCHRANK 1, Werkr\u00e4ume Vorschlag, Birkent\u00fcr 38009 DER INNENRAUM BESTEHT AUS: 4 x 38960 ABLAGE 1 x 38961 SCHR\u00c4G ZU STELLENDE ABLAGE 3 x 38970 SCHUBLADE H\u00d6HE 64 1 x 38971 SCHUBLADE H\u00d6HE 96 2 x 33991 SCHUBLAGENMATTE 2 x 33993 ABLAGENMATTE 2 x 33992 LEISTEN F\u00dcR WERKZEUG 4 x 38204 KLEINFACH 3 F\u00dcR SCHUBLADE [&hellip;]<\/p>\n","protected":false},"featured_media":10987,"template":"","meta":{"_acf_changed":false},"product_brand":[],"product_cat":[194,218,216,249],"product_tag":[198],"class_list":{"0":"post-11413","1":"product","2":"type-product","3":"status-publish","4":"has-post-thumbnail","6":"product_cat-sjobergs-aufbewahrungsschranke","7":"product_cat-sjobergs-schrank-1-mit-birke-turen-sjoebergs-schrank-1-bankschranke","8":"product_cat-sjoebergs-schrank-1-pocket-door","9":"product_cat-schule-und-ausbildung","10":"product_tag-skap-1-de","12":"first","13":"instock","14":"taxable","15":"shipping-taxable","16":"purchasable","17":"product-type-simple"},"acf":[],"_links":{"self":[{"href":"https:\/\/old.sjobergs.se\/de\/wp-json\/wp\/v2\/product\/11413","targetHints":{"allow":["GET"]}}],"collection":[{"href":"https:\/\/old.sjobergs.se\/de\/wp-json\/wp\/v2\/product"}],"about":[{"href":"https:\/\/old.sjobergs.se\/de\/wp-json\/wp\/v2\/types\/product"}],"wp:featuredmedia":[{"embeddable":true,"href":"https:\/\/old.sjobergs.se\/de\/wp-json\/wp\/v2\/media\/10987"}],"wp:attachment":[{"href":"https:\/\/old.sjobergs.se\/de\/wp-json\/wp\/v2\/media?parent=11413"}],"wp:term":[{"taxonomy":"product_brand","embeddable":true,"href":"https:\/\/old.sjobergs.se\/de\/wp-json\/wp\/v2\/product_brand?post=11413"},{"taxonomy":"product_cat","embeddable":true,"href":"https:\/\/old.sjobergs.se\/de\/wp-json\/wp\/v2\/product_cat?post=11413"},{"taxonomy":"product_tag","embeddable":true,"href":"https:\/\/old.sjobergs.se\/de\/wp-json\/wp\/v2\/product_tag?post=11413"}],"curies":[{"name":"wp","href":"https:\/\/api.w.org\/{rel}","templated":true}]}}