{"id":11388,"date":"2022-11-08T15:53:53","date_gmt":"2022-11-08T15:53:53","guid":{"rendered":"https:\/\/old.sjobergs.se\/?post_type=product&#038;p=11388"},"modified":"2024-11-11T10:50:19","modified_gmt":"2024-11-11T10:50:19","slug":"sjobergs-schrank-1-glas-birkentur-5","status":"publish","type":"product","link":"https:\/\/old.sjobergs.se\/de\/product\/sjobergs-schrank-1-glas-birkentur-5\/","title":{"rendered":"Sj\u00f6bergs Schrank 1, Glas-\/Birkent\u00fcr"},"content":{"rendered":"<p class=\"p1\">SJ\u00d6BERGS SCHRANK 1, Glas-\/Birkent\u00fcr 38027<\/p>\n<ul>\n<li class=\"p1\"><strong>DER INNENRAUM BESTEHT AUS:<\/strong><\/li>\n<li class=\"p2\">1 x 38102 LAGERLUNG-\/REGALF\u00c4CHER<\/li>\n<li class=\"p2\">2 x 38960 ABLAGE<\/li>\n<li class=\"p2\">2 x 38970 SCHUBLADE<\/li>\n<li class=\"p2\">2 x 38971 SCHUBLADE<\/li>\n<li class=\"p2\">3 x 33974 SCHUBLADE<\/li>\n<li class=\"p2\">1 x 38975 SCHUBLADE<\/li>\n<\/ul>\n<p>&nbsp;<\/p>\n<p>SJ\u00d6BERGS SCHRANK 1 bieten wir in acht Varianten. Hier zeigen wir die jeweils gleiche Innengestaltung mit drei verschiedenen Tu\u0308r-Modellen aus entweder Birke, Whiteboard oder Glas.<br \/>\nRobust und sch\u00f6n fu\u0308r vielf\u00e4ltigen Gebrauch. Um lange Haltbarkeit und Lebensdauer zu gew\u00e4hrleisten, werden Grundmodell samt Einteilung innen aus 19 mm starkem Melamin beschichtet MDF hergestellt. Die Tu\u0308ren lassen sich jeweils in den \u00d6ffnungen der Schrankseiten versenken.<br \/>\nDieses Schranksystem ist fu\u0308r viele Anwendungsbereiche \u2013 etwa in der Schule, im Bu\u0308ro oder in Arbeitsr\u00e4umen geeignet.<br \/>\nUm Frachtsch\u00e4den und Kosten so gering wie m\u00f6glich zu halten, werden alle Schr\u00e4nke zerlegt geliefert. Der Aufbau ist einfach.<\/p>\n<p>Weiteres Informationsmaterial u\u0308ber unsere Schranksysteme finden Sie unter www.sjobergs.se<\/p>\n","protected":false},"excerpt":{"rendered":"<p>SJ\u00d6BERGS SCHRANK 1, Glas-\/Birkent\u00fcr 38027 DER INNENRAUM BESTEHT AUS: 1 x 38102 LAGERLUNG-\/REGALF\u00c4CHER 2 x 38960 ABLAGE 2 x 38970 SCHUBLADE 2 x 38971 SCHUBLADE 3 x 33974 SCHUBLADE 1 x 38975 SCHUBLADE &nbsp; SJ\u00d6BERGS SCHRANK 1 bieten wir in acht Varianten. Hier zeigen wir die jeweils gleiche Innengestaltung mit drei verschiedenen Tu\u0308r-Modellen aus entweder [&hellip;]<\/p>\n","protected":false},"featured_media":11008,"template":"","meta":{"_acf_changed":false},"product_brand":[],"product_cat":[194,216,220,249],"product_tag":[198],"class_list":{"0":"post-11388","1":"product","2":"type-product","3":"status-publish","4":"has-post-thumbnail","6":"product_cat-sjobergs-aufbewahrungsschranke","7":"product_cat-sjoebergs-schrank-1-pocket-door","8":"product_cat-sjoebergs-schrank-1-mit-glas-birke-tueren-sjoebergs-schrank-1-bankschranke","9":"product_cat-schule-und-ausbildung","10":"product_tag-skap-1-de","12":"first","13":"instock","14":"taxable","15":"shipping-taxable","16":"purchasable","17":"product-type-simple"},"acf":[],"_links":{"self":[{"href":"https:\/\/old.sjobergs.se\/de\/wp-json\/wp\/v2\/product\/11388","targetHints":{"allow":["GET"]}}],"collection":[{"href":"https:\/\/old.sjobergs.se\/de\/wp-json\/wp\/v2\/product"}],"about":[{"href":"https:\/\/old.sjobergs.se\/de\/wp-json\/wp\/v2\/types\/product"}],"wp:featuredmedia":[{"embeddable":true,"href":"https:\/\/old.sjobergs.se\/de\/wp-json\/wp\/v2\/media\/11008"}],"wp:attachment":[{"href":"https:\/\/old.sjobergs.se\/de\/wp-json\/wp\/v2\/media?parent=11388"}],"wp:term":[{"taxonomy":"product_brand","embeddable":true,"href":"https:\/\/old.sjobergs.se\/de\/wp-json\/wp\/v2\/product_brand?post=11388"},{"taxonomy":"product_cat","embeddable":true,"href":"https:\/\/old.sjobergs.se\/de\/wp-json\/wp\/v2\/product_cat?post=11388"},{"taxonomy":"product_tag","embeddable":true,"href":"https:\/\/old.sjobergs.se\/de\/wp-json\/wp\/v2\/product_tag?post=11388"}],"curies":[{"name":"wp","href":"https:\/\/api.w.org\/{rel}","templated":true}]}}