{"id":10947,"date":"2022-10-07T12:15:27","date_gmt":"2022-10-07T12:15:27","guid":{"rendered":"https:\/\/old.sjobergs.se\/product\/smadelsfack-7\/"},"modified":"2025-04-09T10:15:50","modified_gmt":"2025-04-09T09:15:50","slug":"smadelsfack-7","status":"publish","type":"product","link":"https:\/\/old.sjobergs.se\/de\/product\/smadelsfack-7\/","title":{"rendered":"Kleinfach 7 f\u00fcr Schublade"},"content":{"rendered":"<p>Ein kleines Fach f\u00fcr alle, die kleine Teile wie N\u00e4gel, Muttern, B\u00fcroklammern, Stecknadel und mehr ordnen wollen. Passt sowohl zu unseren Schr\u00e4nken, als auch in unsere Schubladen in den Schrankmodulen SM03, SM04 und SM05.<\/p>\n","protected":false},"excerpt":{"rendered":"<p>Ein kleines Fach f\u00fcr alle, die kleine Teile wie N\u00e4gel, Muttern, B\u00fcroklammern, Stecknadel und mehr ordnen wollen. Passt sowohl zu unseren Schr\u00e4nken, als auch in unsere Schubladen in den Schrankmodulen SM03, SM04 und SM05.<\/p>\n","protected":false},"featured_media":10932,"template":"","meta":{"_acf_changed":false},"product_brand":[],"product_cat":[194,196,291],"product_tag":[],"class_list":{"0":"post-10947","1":"product","2":"type-product","3":"status-publish","4":"has-post-thumbnail","6":"product_cat-sjobergs-aufbewahrungsschranke","7":"product_cat-schrank1_einfach_selber_bauen","8":"product_cat-sonstiges-zubehoer-zubehoer","10":"first","11":"instock","12":"taxable","13":"shipping-taxable","14":"purchasable","15":"product-type-simple"},"acf":[],"_links":{"self":[{"href":"https:\/\/old.sjobergs.se\/de\/wp-json\/wp\/v2\/product\/10947","targetHints":{"allow":["GET"]}}],"collection":[{"href":"https:\/\/old.sjobergs.se\/de\/wp-json\/wp\/v2\/product"}],"about":[{"href":"https:\/\/old.sjobergs.se\/de\/wp-json\/wp\/v2\/types\/product"}],"wp:featuredmedia":[{"embeddable":true,"href":"https:\/\/old.sjobergs.se\/de\/wp-json\/wp\/v2\/media\/10932"}],"wp:attachment":[{"href":"https:\/\/old.sjobergs.se\/de\/wp-json\/wp\/v2\/media?parent=10947"}],"wp:term":[{"taxonomy":"product_brand","embeddable":true,"href":"https:\/\/old.sjobergs.se\/de\/wp-json\/wp\/v2\/product_brand?post=10947"},{"taxonomy":"product_cat","embeddable":true,"href":"https:\/\/old.sjobergs.se\/de\/wp-json\/wp\/v2\/product_cat?post=10947"},{"taxonomy":"product_tag","embeddable":true,"href":"https:\/\/old.sjobergs.se\/de\/wp-json\/wp\/v2\/product_tag?post=10947"}],"curies":[{"name":"wp","href":"https:\/\/api.w.org\/{rel}","templated":true}]}}