{"id":10940,"date":"2022-10-07T12:10:54","date_gmt":"2022-10-07T12:10:54","guid":{"rendered":"https:\/\/old.sjobergs.se\/product\/smadelsfack-3\/"},"modified":"2024-11-11T12:47:28","modified_gmt":"2024-11-11T12:47:28","slug":"smadelsfack-3","status":"publish","type":"product","link":"https:\/\/old.sjobergs.se\/de\/product\/smadelsfack-3\/","title":{"rendered":"Kleinfach 3 f\u00fcr Schublade"},"content":{"rendered":"<p>Ein kleines Fach aus Buche f\u00fcr unsere Schr\u00e4nke oder Werkbankmodule SM03, SM04 und SM04 &#8211; ideal f\u00fcr die Aufbewahrung von Werkzeug und Zubeh\u00f6r.<\/p>\n","protected":false},"excerpt":{"rendered":"<p>Ein kleines Fach aus Buche f\u00fcr unsere Schr\u00e4nke oder Werkbankmodule SM03, SM04 und SM04 &#8211; ideal f\u00fcr die Aufbewahrung von Werkzeug und Zubeh\u00f6r.<\/p>\n","protected":false},"featured_media":10929,"template":"","meta":{"_acf_changed":false},"product_brand":[],"product_cat":[194,196,291],"product_tag":[],"class_list":{"0":"post-10940","1":"product","2":"type-product","3":"status-publish","4":"has-post-thumbnail","6":"product_cat-sjobergs-aufbewahrungsschranke","7":"product_cat-schrank1_einfach_selber_bauen","8":"product_cat-sonstiges-zubehoer-zubehoer","10":"first","11":"instock","12":"taxable","13":"shipping-taxable","14":"purchasable","15":"product-type-simple"},"acf":[],"_links":{"self":[{"href":"https:\/\/old.sjobergs.se\/de\/wp-json\/wp\/v2\/product\/10940","targetHints":{"allow":["GET"]}}],"collection":[{"href":"https:\/\/old.sjobergs.se\/de\/wp-json\/wp\/v2\/product"}],"about":[{"href":"https:\/\/old.sjobergs.se\/de\/wp-json\/wp\/v2\/types\/product"}],"wp:featuredmedia":[{"embeddable":true,"href":"https:\/\/old.sjobergs.se\/de\/wp-json\/wp\/v2\/media\/10929"}],"wp:attachment":[{"href":"https:\/\/old.sjobergs.se\/de\/wp-json\/wp\/v2\/media?parent=10940"}],"wp:term":[{"taxonomy":"product_brand","embeddable":true,"href":"https:\/\/old.sjobergs.se\/de\/wp-json\/wp\/v2\/product_brand?post=10940"},{"taxonomy":"product_cat","embeddable":true,"href":"https:\/\/old.sjobergs.se\/de\/wp-json\/wp\/v2\/product_cat?post=10940"},{"taxonomy":"product_tag","embeddable":true,"href":"https:\/\/old.sjobergs.se\/de\/wp-json\/wp\/v2\/product_tag?post=10940"}],"curies":[{"name":"wp","href":"https:\/\/api.w.org\/{rel}","templated":true}]}}