{"id":10894,"date":"2022-10-05T11:15:28","date_gmt":"2022-10-05T11:15:29","guid":{"rendered":"https:\/\/old.sjobergs.se\/?post_type=product&#038;p=10894"},"modified":"2024-11-11T10:59:11","modified_gmt":"2024-11-11T10:59:11","slug":"sjobergs-schrank-2-kopia-2","status":"publish","type":"product","link":"https:\/\/old.sjobergs.se\/de\/product\/sjobergs-schrank-2-kopia-2\/","title":{"rendered":"Sj\u00f6bergs Schrank 2"},"content":{"rendered":"<p class=\"p1\">Sj\u00f6bergs Schrank 2<br \/>\nDer perfekte Schrank zum Verwahren von Sch\u00fclerarbeiten o.\u00e4. mit ebenso stabilem Korpus wie Schrank 1. Mit den T\u00fcren aus Birkenlaminat und den Beschl\u00e4gen aus Gusseisen ist eine max. \u00d6ffnung von 170 Grad m\u00f6glich. Ein Schloss ist Teil des Lieferumfanges.<\/p>\n<p class=\"p1\">Die Innen-Einrichtung des Schrankes besteht aus vier festen und vier verschiebbaren Regalteilen. Korpus und Einrichtung werden aus MDF mit 19 mm Melamin-Beschichtung hergestellt und sind entsprechend stabil und haltbar.<\/p>\n<p class=\"p1\">Der Schrank wird zerlegt in einem flachen Karton geliefert, um Transportrisiken zu vermeiden. Die Montage ist einfach.<\/p>\n","protected":false},"excerpt":{"rendered":"<p>Sj\u00f6bergs Schrank 2 Der perfekte Schrank zum Verwahren von Sch\u00fclerarbeiten o.\u00e4. mit ebenso stabilem Korpus wie Schrank 1. Mit den T\u00fcren aus Birkenlaminat und den Beschl\u00e4gen aus Gusseisen ist eine max. \u00d6ffnung von 170 Grad m\u00f6glich. Ein Schloss ist Teil des Lieferumfanges. Die Innen-Einrichtung des Schrankes besteht aus vier festen und vier verschiebbaren Regalteilen. Korpus [&hellip;]<\/p>\n","protected":false},"featured_media":10900,"template":"","meta":{"_acf_changed":false},"product_brand":[],"product_cat":[194,261,249],"product_tag":[],"class_list":{"0":"post-10894","1":"product","2":"type-product","3":"status-publish","4":"has-post-thumbnail","6":"product_cat-sjobergs-aufbewahrungsschranke","7":"product_cat-sjoebergs-schrank-2","8":"product_cat-schule-und-ausbildung","10":"first","11":"instock","12":"taxable","13":"shipping-taxable","14":"purchasable","15":"product-type-simple"},"acf":[],"_links":{"self":[{"href":"https:\/\/old.sjobergs.se\/de\/wp-json\/wp\/v2\/product\/10894","targetHints":{"allow":["GET"]}}],"collection":[{"href":"https:\/\/old.sjobergs.se\/de\/wp-json\/wp\/v2\/product"}],"about":[{"href":"https:\/\/old.sjobergs.se\/de\/wp-json\/wp\/v2\/types\/product"}],"wp:featuredmedia":[{"embeddable":true,"href":"https:\/\/old.sjobergs.se\/de\/wp-json\/wp\/v2\/media\/10900"}],"wp:attachment":[{"href":"https:\/\/old.sjobergs.se\/de\/wp-json\/wp\/v2\/media?parent=10894"}],"wp:term":[{"taxonomy":"product_brand","embeddable":true,"href":"https:\/\/old.sjobergs.se\/de\/wp-json\/wp\/v2\/product_brand?post=10894"},{"taxonomy":"product_cat","embeddable":true,"href":"https:\/\/old.sjobergs.se\/de\/wp-json\/wp\/v2\/product_cat?post=10894"},{"taxonomy":"product_tag","embeddable":true,"href":"https:\/\/old.sjobergs.se\/de\/wp-json\/wp\/v2\/product_tag?post=10894"}],"curies":[{"name":"wp","href":"https:\/\/api.w.org\/{rel}","templated":true}]}}