{"id":10891,"date":"2022-10-05T10:09:11","date_gmt":"2022-10-05T10:09:12","guid":{"rendered":"https:\/\/old.sjobergs.se\/?post_type=product&#038;p=10891"},"modified":"2025-10-02T11:29:39","modified_gmt":"2025-10-02T10:29:39","slug":"ablagefach-schrag-schrank-1-kopia","status":"publish","type":"product","link":"https:\/\/old.sjobergs.se\/de\/product\/ablagefach-schrag-schrank-1-kopia\/","title":{"rendered":"Sj\u00f6bergs Ablagefach schr\u00e4g, Schrank 1"},"content":{"rendered":"<p>Schr\u00e4gregal passend f\u00fcr Sj\u00f6bergs Schrank 1.<\/p>\n","protected":false},"excerpt":{"rendered":"<p>Schr\u00e4gregal passend f\u00fcr Sj\u00f6bergs Schrank 1.<\/p>\n","protected":false},"featured_media":11138,"template":"","meta":{"_acf_changed":false},"product_brand":[],"product_cat":[194,196,249],"product_tag":[198,202],"class_list":{"0":"post-10891","1":"product","2":"type-product","3":"status-publish","4":"has-post-thumbnail","6":"product_cat-sjobergs-aufbewahrungsschranke","7":"product_cat-schrank1_einfach_selber_bauen","8":"product_cat-schule-und-ausbildung","9":"product_tag-skap-1-de","10":"product_tag-skapstomme-de","12":"first","13":"instock","14":"taxable","15":"shipping-taxable","16":"purchasable","17":"product-type-simple"},"acf":[],"_links":{"self":[{"href":"https:\/\/old.sjobergs.se\/de\/wp-json\/wp\/v2\/product\/10891","targetHints":{"allow":["GET"]}}],"collection":[{"href":"https:\/\/old.sjobergs.se\/de\/wp-json\/wp\/v2\/product"}],"about":[{"href":"https:\/\/old.sjobergs.se\/de\/wp-json\/wp\/v2\/types\/product"}],"wp:featuredmedia":[{"embeddable":true,"href":"https:\/\/old.sjobergs.se\/de\/wp-json\/wp\/v2\/media\/11138"}],"wp:attachment":[{"href":"https:\/\/old.sjobergs.se\/de\/wp-json\/wp\/v2\/media?parent=10891"}],"wp:term":[{"taxonomy":"product_brand","embeddable":true,"href":"https:\/\/old.sjobergs.se\/de\/wp-json\/wp\/v2\/product_brand?post=10891"},{"taxonomy":"product_cat","embeddable":true,"href":"https:\/\/old.sjobergs.se\/de\/wp-json\/wp\/v2\/product_cat?post=10891"},{"taxonomy":"product_tag","embeddable":true,"href":"https:\/\/old.sjobergs.se\/de\/wp-json\/wp\/v2\/product_tag?post=10891"}],"curies":[{"name":"wp","href":"https:\/\/api.w.org\/{rel}","templated":true}]}}