{"id":10888,"date":"2022-12-20T12:43:23","date_gmt":"2022-12-20T12:44:07","guid":{"rendered":"https:\/\/old.sjobergs.se\/?post_type=product&#038;p=10888"},"modified":"2024-11-11T12:42:31","modified_gmt":"2024-11-11T12:42:31","slug":"sjoebergs-smart-clamper","status":"publish","type":"product","link":"https:\/\/old.sjobergs.se\/de\/product\/sjoebergs-smart-clamper\/","title":{"rendered":"Sj\u00f6bergs Smart Clamper"},"content":{"rendered":"<p>Sj\u00f6bergs Smart Clamper ist eine neue mobile Klemmhilfe aus massiver Buche mit einer Steuerung aus galvanisiertem Stahl. Bei einer Gesamtbreite von 400 mm ist eine \u00d6ffnung von bis zu 115 mm m\u00f6glich. Sie ist leicht (4 kg) und einfach in der Handhabung und l\u00e4\u00dft sich mittels Spannzwingen (nicht Teil des Lieferumfanges) auf jeder Unterlage befestigen. Soll der Smart Clamper auf gleicher H\u00f6he mit der Arbeitsplatte montiert werden, set dies eine 28 mm St\u00e4rke der Arbeitsplatte voraus.<\/p>\n<p>Wer selbst eine Hobelbank bauen m\u00f6chte, kann die Klemmhilfe als Zange nutzen.<\/p>\n<p>Bei unz\u00e4hligen T\u00e4tigkeiten wie das Wechseln eines Handgriffs (am Golfschl\u00e4ger), das Wechseln einer S\u00e4geklinge, das Binden einer Fliege zum Fischen, das Bemalen eines Gegenstandes oder das Verleimen eines Schuhs l\u00e4sst sich der Smart Clamper als effektive Hilfe einsetzen.<\/p>\n<p>Dank dieses kleinen gediegenen Werkzeugs bleiben beide H\u00e4nde f\u00fcr weitere T\u00e4tigkeiten frei!<\/p>\n","protected":false},"excerpt":{"rendered":"<p>Sj\u00f6bergs Smart Clamper ist eine neue mobile Klemmhilfe aus massiver Buche mit einer Steuerung aus galvanisiertem Stahl. Bei einer Gesamtbreite von 400 mm ist eine \u00d6ffnung von bis zu 115 mm m\u00f6glich. Sie ist leicht (4 kg) und einfach in der Handhabung und l\u00e4\u00dft sich mittels Spannzwingen (nicht Teil des Lieferumfanges) auf jeder Unterlage befestigen. [&hellip;]<\/p>\n","protected":false},"featured_media":11939,"template":"","meta":{"_acf_changed":false},"product_brand":[],"product_cat":[233,291],"product_tag":[],"class_list":{"0":"post-10888","1":"product","2":"type-product","3":"status-publish","4":"has-post-thumbnail","6":"product_cat-hobelbaenke-fuer-den-hobby-bereich","7":"product_cat-sonstiges-zubehoer-zubehoer","9":"first","10":"instock","11":"taxable","12":"shipping-taxable","13":"purchasable","14":"product-type-simple"},"acf":[],"_links":{"self":[{"href":"https:\/\/old.sjobergs.se\/de\/wp-json\/wp\/v2\/product\/10888","targetHints":{"allow":["GET"]}}],"collection":[{"href":"https:\/\/old.sjobergs.se\/de\/wp-json\/wp\/v2\/product"}],"about":[{"href":"https:\/\/old.sjobergs.se\/de\/wp-json\/wp\/v2\/types\/product"}],"wp:featuredmedia":[{"embeddable":true,"href":"https:\/\/old.sjobergs.se\/de\/wp-json\/wp\/v2\/media\/11939"}],"wp:attachment":[{"href":"https:\/\/old.sjobergs.se\/de\/wp-json\/wp\/v2\/media?parent=10888"}],"wp:term":[{"taxonomy":"product_brand","embeddable":true,"href":"https:\/\/old.sjobergs.se\/de\/wp-json\/wp\/v2\/product_brand?post=10888"},{"taxonomy":"product_cat","embeddable":true,"href":"https:\/\/old.sjobergs.se\/de\/wp-json\/wp\/v2\/product_cat?post=10888"},{"taxonomy":"product_tag","embeddable":true,"href":"https:\/\/old.sjobergs.se\/de\/wp-json\/wp\/v2\/product_tag?post=10888"}],"curies":[{"name":"wp","href":"https:\/\/api.w.org\/{rel}","templated":true}]}}